{"id":2465,"date":"2016-12-19T18:47:08","date_gmt":"2016-12-19T17:47:08","guid":{"rendered":"http:\/\/cvo.hamburg.de\/?page_id=2465"},"modified":"2017-02-16T09:23:27","modified_gmt":"2017-02-16T08:23:27","slug":"2465-2","status":"publish","type":"page","link":"https:\/\/cvo.hamburg.de\/?page_id=2465","title":{"rendered":"Talentf\u00f6rderung"},"content":{"rendered":"<p><strong>Handball<\/strong><\/p>\n<ul>\n<li>Talentf\u00f6rderung auch im Rahmen des WP III Unterrichts in der Unter- und Mittelstufe<\/li>\n<li>gezielte F\u00f6rderung von Auswahlspielern in Absprache mit dem HHV (Hamburger Handball Verband)<\/li>\n<\/ul>\n<p><strong>Hockey<\/strong><\/p>\n<ul>\n<li>parallel zu den frei w\u00e4hlbaren WP III Kursen wird eine spezielle Begabtenf\u00f6rderung Hockey angeboten<\/li>\n<\/ul>\n<p><b>Oberstufensch\u00fcler:<\/b>\u00a0Freiwillige Betreuung von Spieler_innen aus der Unter- und Mittelstufe bei Turnieren, Wettbewerben und Spielen in den vorgestellten Sportarten<\/p>\n<p><b>Talentsportkurse ab Jahrgang 7<br \/>\n<\/b>In den Jahrg\u00e4ngen 7-10 finden neben dem regul\u00e4ren Sportunterricht jahrgangs\u00fcbergreifende Talentsportkurse statt. Hier trainieren Handballer und Hockeyspieler (Leichtathleten in Planung) ganzj\u00e4hrig in ihrer Sportart w\u00e4hrend des Pflichtunterrichts (WP III). Auch die erfolgreichen CvO Schulmannschaften haben hier ihre gemeinsame Trainingszeit. Weitere Informationen finden Sie im Downloadbereich unter \u201eSportklasse am CvO\u201c.<\/p>\n<p><b>Tischtennis<br \/>\n<\/b>Mit gro\u00dfer Unterst\u00fctzung von Peter Dietterle, Abteilungsleiter Tischtennis beim TSV Sasel, starten Tischtennis-Teams des CvO regelm\u00e4\u00dfig und sehr erfolgreich auf Landes- und Bundesebene beim Wettbewerb \u201eJugend trainiert f\u00fcr Olympia\u201c.<\/p>\n","protected":false},"excerpt":{"rendered":"<p>Handball Talentf\u00f6rderung auch im Rahmen des WP III Unterrichts in der Unter- und Mittelstufe gezielte F\u00f6rderung von Auswahlspielern in Absprache mit dem HHV (Hamburger Handball Verband) Hockey parallel zu den frei w\u00e4hlbaren WP III&#46;&#46;&#46;<\/p>\n","protected":false},"author":44,"featured_media":0,"parent":0,"menu_order":0,"comment_status":"closed","ping_status":"closed","template":"","meta":{"_acf_changed":false,"footnotes":""},"class_list":["post-2465","page","type-page","status-publish","hentry"],"acf":[],"_links":{"self":[{"href":"https:\/\/cvo.hamburg.de\/index.php?rest_route=\/wp\/v2\/pages\/2465","targetHints":{"allow":["GET"]}}],"collection":[{"href":"https:\/\/cvo.hamburg.de\/index.php?rest_route=\/wp\/v2\/pages"}],"about":[{"href":"https:\/\/cvo.hamburg.de\/index.php?rest_route=\/wp\/v2\/types\/page"}],"author":[{"embeddable":true,"href":"https:\/\/cvo.hamburg.de\/index.php?rest_route=\/wp\/v2\/users\/44"}],"replies":[{"embeddable":true,"href":"https:\/\/cvo.hamburg.de\/index.php?rest_route=%2Fwp%2Fv2%2Fcomments&post=2465"}],"version-history":[{"count":0,"href":"https:\/\/cvo.hamburg.de\/index.php?rest_route=\/wp\/v2\/pages\/2465\/revisions"}],"wp:attachment":[{"href":"https:\/\/cvo.hamburg.de\/index.php?rest_route=%2Fwp%2Fv2%2Fmedia&parent=2465"}],"curies":[{"name":"wp","href":"https:\/\/api.w.org\/{rel}","templated":true}]}}