{"id":2462,"date":"2016-12-19T18:39:08","date_gmt":"2016-12-19T17:39:08","guid":{"rendered":"http:\/\/cvo.hamburg.de\/?page_id=2462"},"modified":"2017-02-16T09:31:13","modified_gmt":"2017-02-16T08:31:13","slug":"sport-am-cvo-ausstattung","status":"publish","type":"page","link":"https:\/\/cvo.hamburg.de\/?page_id=2462","title":{"rendered":"Sport am CVO &#8211; Ausstattung"},"content":{"rendered":"<p>Am CVO stehen vier Hallenpl\u00e4tze, aufgeteilt in zwei gro\u00dfe Sporthallen, zur Verf\u00fcgung. Bei Bedarf k\u00f6nnen durch einfahrbare Trennw\u00e4nde gro\u00dfe Hallenfl\u00e4chen geschaffen werden. Die gr\u00f6\u00dfere der beiden Hallen z\u00e4hlt zu den gr\u00f6\u00dften Schulsporthallen Hamburgs und bietet eine ausfahrbare Trib\u00fcne mit Platz f\u00fcr mehrere hundert Zuschauer. Hier finden unter anderem auch Hockey- und Handballturniere statt. Zudem verf\u00fcgt die Halle \u00fcber einen gut ausgestatteten Kraftraum. Die andere, 2011 neu erbaute Halle, verf\u00fcgt\u00a0neben einer Ausstattung mit Hallenfu\u00dfballtoren und Basketballk\u00f6rben auch \u00fcber eine Kletterwand mit \u00dcberhang bis unter die Hallendecke.<\/p>\n<p>Das CVO liegt unmittelbar an der Sportst\u00e4tte Tegelsbarg, welche die Vielfalt der sportlichen M\u00f6glichkeiten am CVO noch erweitert. Die Sportst\u00e4tte bietet neben dem gro\u00dfen Fu\u00dfballfeld, eine Tartanbahn, einen Grandplatz, Kugelsto\u00df-, Hoch- und Weitsprunganlagen sowie zwei weitere Kleinfeld-Tartanpl\u00e4tze f\u00fcr Handball und weitere Ballspielarten. Im Rahmen des Sportunterrichts und der vielf\u00e4ltigen Sportangebote haben die Sch\u00fclerinnen und Sch\u00fcler dar\u00fcber hinaus Zugriff auf die Ausstattungen f\u00fcr H\u00fcrdenlauf, Speer- und Diskuswurf.<\/p>\n<p>F\u00fcr die sportliche Ausgestaltung der Pausen gibt es neben dem Angebot &#8222;Aktive Pause&#8220; in den Turnhallen auch auf dem Schulhof ansprechende Bewegungsangebote. So finden sich verteilt auf dem Schulgel\u00e4nde M\u00f6glichkeiten zum Tischtennis- und Basketballspielen. Zudem stehen den Sch\u00fclerinnen und Sch\u00fclern fest installierte Mini-Fu\u00dfballtore zur Verf\u00fcgung.<\/p>\n","protected":false},"excerpt":{"rendered":"<p>Am CVO stehen vier Hallenpl\u00e4tze, aufgeteilt in zwei gro\u00dfe Sporthallen, zur Verf\u00fcgung. Bei Bedarf k\u00f6nnen durch einfahrbare Trennw\u00e4nde gro\u00dfe Hallenfl\u00e4chen geschaffen werden. Die gr\u00f6\u00dfere der beiden Hallen z\u00e4hlt zu den gr\u00f6\u00dften Schulsporthallen Hamburgs und&#46;&#46;&#46;<\/p>\n","protected":false},"author":44,"featured_media":0,"parent":0,"menu_order":0,"comment_status":"closed","ping_status":"closed","template":"","meta":{"_acf_changed":false,"footnotes":""},"class_list":["post-2462","page","type-page","status-publish","hentry"],"acf":[],"_links":{"self":[{"href":"https:\/\/cvo.hamburg.de\/index.php?rest_route=\/wp\/v2\/pages\/2462","targetHints":{"allow":["GET"]}}],"collection":[{"href":"https:\/\/cvo.hamburg.de\/index.php?rest_route=\/wp\/v2\/pages"}],"about":[{"href":"https:\/\/cvo.hamburg.de\/index.php?rest_route=\/wp\/v2\/types\/page"}],"author":[{"embeddable":true,"href":"https:\/\/cvo.hamburg.de\/index.php?rest_route=\/wp\/v2\/users\/44"}],"replies":[{"embeddable":true,"href":"https:\/\/cvo.hamburg.de\/index.php?rest_route=%2Fwp%2Fv2%2Fcomments&post=2462"}],"version-history":[{"count":1,"href":"https:\/\/cvo.hamburg.de\/index.php?rest_route=\/wp\/v2\/pages\/2462\/revisions"}],"predecessor-version":[{"id":2593,"href":"https:\/\/cvo.hamburg.de\/index.php?rest_route=\/wp\/v2\/pages\/2462\/revisions\/2593"}],"wp:attachment":[{"href":"https:\/\/cvo.hamburg.de\/index.php?rest_route=%2Fwp%2Fv2%2Fmedia&parent=2462"}],"curies":[{"name":"wp","href":"https:\/\/api.w.org\/{rel}","templated":true}]}}