{"id":242,"date":"2014-05-31T16:30:34","date_gmt":"2014-05-31T14:30:34","guid":{"rendered":"https:\/\/carlvossietzky.dev-schulhomepages.hamburg.de\/?page_id=242"},"modified":"2022-11-25T10:45:23","modified_gmt":"2022-11-25T09:45:23","slug":"jugend-debattiert-am-cvo","status":"publish","type":"page","link":"https:\/\/cvo.hamburg.de\/?page_id=242","title":{"rendered":"Jugend debattiert"},"content":{"rendered":"<p>Das CvO nimmt mit gro\u00dfem Engagement am bundesweiten Wettbewerb \u201eJugend debattiert\u201c teil. Unsere sechs ausgebildeten Trainer f\u00fchren die Unterrichtseinheiten im November und Dezember durch, im Februar findet dann allj\u00e4hrlich das Schulfinale statt. Wer es dann ins Verbundfinale oder sp\u00e4ter sogar ins Hamburg-Finale im Rathaus schafft, kann sich f\u00fcr die Endrunde in Berlin qualifizieren.&nbsp;Ansprechpartner ist Herr Simon.<\/p>\n","protected":false},"excerpt":{"rendered":"<p>Das CvO nimmt mit gro\u00dfem Engagement am bundesweiten Wettbewerb \u201eJugend debattiert\u201c teil. Unsere sechs ausgebildeten Trainer f\u00fchren die Unterrichtseinheiten im November und Dezember durch, im Februar findet dann allj\u00e4hrlich das Schulfinale statt. Wer es&#46;&#46;&#46;<\/p>\n","protected":false},"author":44,"featured_media":0,"parent":0,"menu_order":0,"comment_status":"closed","ping_status":"closed","template":"","meta":{"_acf_changed":false,"footnotes":""},"class_list":["post-242","page","type-page","status-publish","hentry"],"acf":[],"_links":{"self":[{"href":"https:\/\/cvo.hamburg.de\/index.php?rest_route=\/wp\/v2\/pages\/242","targetHints":{"allow":["GET"]}}],"collection":[{"href":"https:\/\/cvo.hamburg.de\/index.php?rest_route=\/wp\/v2\/pages"}],"about":[{"href":"https:\/\/cvo.hamburg.de\/index.php?rest_route=\/wp\/v2\/types\/page"}],"author":[{"embeddable":true,"href":"https:\/\/cvo.hamburg.de\/index.php?rest_route=\/wp\/v2\/users\/44"}],"replies":[{"embeddable":true,"href":"https:\/\/cvo.hamburg.de\/index.php?rest_route=%2Fwp%2Fv2%2Fcomments&post=242"}],"version-history":[{"count":1,"href":"https:\/\/cvo.hamburg.de\/index.php?rest_route=\/wp\/v2\/pages\/242\/revisions"}],"predecessor-version":[{"id":7823,"href":"https:\/\/cvo.hamburg.de\/index.php?rest_route=\/wp\/v2\/pages\/242\/revisions\/7823"}],"wp:attachment":[{"href":"https:\/\/cvo.hamburg.de\/index.php?rest_route=%2Fwp%2Fv2%2Fmedia&parent=242"}],"curies":[{"name":"wp","href":"https:\/\/api.w.org\/{rel}","templated":true}]}}