{"id":232,"date":"2014-05-31T16:28:13","date_gmt":"2014-05-31T14:28:13","guid":{"rendered":"https:\/\/carlvossietzky.dev-schulhomepages.hamburg.de\/?page_id=232"},"modified":"2018-09-11T15:31:26","modified_gmt":"2018-09-11T13:31:26","slug":"die-schuelerfirma-mc-carly","status":"publish","type":"page","link":"https:\/\/cvo.hamburg.de\/?page_id=232","title":{"rendered":"Die Sch\u00fclerfirma McCarly"},"content":{"rendered":"<p><a href=\"https:\/\/cvo.hamburg.de\/wp-content\/uploads\/sites\/31\/2014\/05\/cvo-plakat-mccarly.jpg\" data-rel=\"lightbox\" data-rl_title=\"\" data-rl_caption=\"\" title=\"\"><img loading=\"lazy\" decoding=\"async\" class=\"alignleft size-medium wp-image-2909\" src=\"https:\/\/cvo.hamburg.de\/wp-content\/uploads\/sites\/31\/2014\/05\/cvo-plakat-mccarly-212x300.jpg\" alt=\"\" width=\"212\" height=\"300\" srcset=\"https:\/\/cvo.hamburg.de\/wp-content\/uploads\/sites\/31\/2014\/05\/cvo-plakat-mccarly-212x300.jpg 212w, https:\/\/cvo.hamburg.de\/wp-content\/uploads\/sites\/31\/2014\/05\/cvo-plakat-mccarly-768x1086.jpg 768w, https:\/\/cvo.hamburg.de\/wp-content\/uploads\/sites\/31\/2014\/05\/cvo-plakat-mccarly-724x1024.jpg 724w, https:\/\/cvo.hamburg.de\/wp-content\/uploads\/sites\/31\/2014\/05\/cvo-plakat-mccarly.jpg 1448w\" sizes=\"auto, (max-width: 212px) 100vw, 212px\" \/><\/a>Die Sch\u00fclerfirma wird im Rahmen eines Wahlpflichtkurses in der Mittelstufe (8.-10. Klasse) durchgef\u00fchrt. Nat\u00fcrlich hat unsere Sch\u00fclerfirma auch einen Firmennamen: \u201eMcCarly\u201c.<\/p>\n<p>Die Sch\u00fcler und Sch\u00fclerinnen erarbeiten sich \u00f6konomische Zusammenh\u00e4nge, in dem sie praktisch und mit viel Eigeninitiative eigenverantwortliches unternehmerisches Handeln erlernen. Dieser Wahlpflichtkurs verfolgt eine p\u00e4dagogische Zielsetzung, dabei steht nicht im Vordergrund, dass ein m\u00f6glichst hoher Gewinn erzielt wird.<\/p>\n<p>Selbstverst\u00e4ndlich muss aber auch die Sch\u00fclerfirma wirtschaftlich handeln und arbeiten. Hierbei legen wir gro\u00dfen Wert darauf, dass unsere Produkte nachhaltig sind und fair produziert wurden.<\/p>\n<p><a href=\"https:\/\/cvo.hamburg.de\/wp-content\/uploads\/sites\/31\/2018\/09\/Bildschirmfoto-2018-09-11-um-15.21.43.png\" data-rel=\"lightbox\" data-rl_title=\"\" data-rl_caption=\"\" title=\"\"><img loading=\"lazy\" decoding=\"async\" class=\"alignleft wp-image-3441\" src=\"https:\/\/cvo.hamburg.de\/wp-content\/uploads\/sites\/31\/2018\/09\/Bildschirmfoto-2018-09-11-um-15.21.43-258x300.png\" alt=\"\" width=\"110\" height=\"128\" srcset=\"https:\/\/cvo.hamburg.de\/wp-content\/uploads\/sites\/31\/2018\/09\/Bildschirmfoto-2018-09-11-um-15.21.43-258x300.png 258w, https:\/\/cvo.hamburg.de\/wp-content\/uploads\/sites\/31\/2018\/09\/Bildschirmfoto-2018-09-11-um-15.21.43.png 482w\" sizes=\"auto, (max-width: 110px) 100vw, 110px\" \/><\/a>Im letzten Jahr entwickelte die Sch\u00fclerfirma in Kooperation mit der Firma \u201eDie Schulkleidungsprofis\u201c eine CvO-Kleidungskollektion, die nun beworben und vertrieben wird. Die Kleidung ist vielfach zertifizierte (GOTS, OCS 100, OCS Blended, OEKO-TEX, REACH) Fairwear und kann hier erworben werden:\u00a0<a href=\"https:\/\/cvo.skp-shop.com\" target=\"_blank\" rel=\"noopener\">cvo.skp-shop.com<\/a><\/p>\n<p>Dar\u00fcber hinaus verkauft McCarly CvO-Trinkflaschen sowie CvO-Armb\u00e4nder \u2013 und (bislang nur) an die Lehrerinnen und Lehrer unser Schule fair gehandelte Schokolade.<\/p>\n<p>Wie in einer \u201egro\u00dfen\u201c Firma gibt es auch bei McCarly verschiedene Abteilungen und Projektgruppen, in denen die Sch\u00fclerinnen und Sch\u00fcler weitgehend selbstst\u00e4ndig arbeiten und unternehmerische Verantwortung \u00fcbernehmen.<\/p>\n<p>Die Mitarbeit in der Sch\u00fclerfirma leistet einen Beitrag zur finanziellen Allgemeinbildung, vermittelt \u00f6konomische Grundkompetenzen und erleichtert den \u00dcbergang von der Schule in den Beruf. Auch eine m\u00f6gliche sp\u00e4tere selbstst\u00e4ndige T\u00e4tigkeit der einzelnen Sch\u00fclerinnen und Sch\u00fcler kann hier bereits \u201eausprobiert\u201c werden.<\/p>\n","protected":false},"excerpt":{"rendered":"<p>Die Sch\u00fclerfirma wird im Rahmen eines Wahlpflichtkurses in der Mittelstufe (8.-10. Klasse) durchgef\u00fchrt. Nat\u00fcrlich hat unsere Sch\u00fclerfirma auch einen Firmennamen: \u201eMcCarly\u201c. Die Sch\u00fcler und Sch\u00fclerinnen erarbeiten sich \u00f6konomische Zusammenh\u00e4nge, in dem sie praktisch und&#46;&#46;&#46;<\/p>\n","protected":false},"author":44,"featured_media":0,"parent":0,"menu_order":0,"comment_status":"closed","ping_status":"closed","template":"","meta":{"_acf_changed":false,"footnotes":""},"class_list":["post-232","page","type-page","status-publish","hentry"],"acf":[],"_links":{"self":[{"href":"https:\/\/cvo.hamburg.de\/index.php?rest_route=\/wp\/v2\/pages\/232","targetHints":{"allow":["GET"]}}],"collection":[{"href":"https:\/\/cvo.hamburg.de\/index.php?rest_route=\/wp\/v2\/pages"}],"about":[{"href":"https:\/\/cvo.hamburg.de\/index.php?rest_route=\/wp\/v2\/types\/page"}],"author":[{"embeddable":true,"href":"https:\/\/cvo.hamburg.de\/index.php?rest_route=\/wp\/v2\/users\/44"}],"replies":[{"embeddable":true,"href":"https:\/\/cvo.hamburg.de\/index.php?rest_route=%2Fwp%2Fv2%2Fcomments&post=232"}],"version-history":[{"count":2,"href":"https:\/\/cvo.hamburg.de\/index.php?rest_route=\/wp\/v2\/pages\/232\/revisions"}],"predecessor-version":[{"id":3440,"href":"https:\/\/cvo.hamburg.de\/index.php?rest_route=\/wp\/v2\/pages\/232\/revisions\/3440"}],"wp:attachment":[{"href":"https:\/\/cvo.hamburg.de\/index.php?rest_route=%2Fwp%2Fv2%2Fmedia&parent=232"}],"curies":[{"name":"wp","href":"https:\/\/api.w.org\/{rel}","templated":true}]}}