{"id":204,"date":"2014-05-31T16:18:38","date_gmt":"2014-05-31T14:18:38","guid":{"rendered":"https:\/\/carlvossietzky.dev-schulhomepages.hamburg.de\/?page_id=204"},"modified":"2026-02-11T14:07:04","modified_gmt":"2026-02-11T13:07:04","slug":"das-profilangebot-im-kommenden-schuljahr","status":"publish","type":"page","link":"https:\/\/cvo.hamburg.de\/?page_id=204","title":{"rendered":"Allgemeine Informationen zur Profiloberstufe"},"content":{"rendered":"<div>\n<p style=\"padding-left: 40px;text-align: center\"><strong><span style=\"font-size: 14pt\"><em>Informationen zu den Wahlb\u00f6gen und f\u00fcr Interessenten am Sport-Profil finden Sie hier:<br \/>\n<a href=\"https:\/\/cvo.hamburg.de\/wp-content\/uploads\/sites\/31\/2025\/11\/Text-Homepage-Wahlen-zur-Oberstufe.pdf\" target=\"_blank\" rel=\"noopener\">Infobrief Wahlen zur Oberstufe<\/a>&nbsp;<\/em><\/span><\/strong><\/p>\n<p>&nbsp;<\/p>\n<p>In unserer gro\u00dfen Oberstufe haben alle Sch\u00fclerinnen und Sch\u00fcler die Wahlm\u00f6glichkeit zwischen sieben verschiedenen Profilen mit insgesamt acht verschiedenen profilgebenden F\u00e4chern. Dar\u00fcber hinaus k\u00f6nnen alle Sch\u00fclerinnen und Sch\u00fcler im Wahlpflicht- und Wahlbereich je Semester F\u00e4cher im Umfang von bis zu drei Doppelstunden nach ihren individuellen Interessen w\u00e4hlen.<\/p>\n<\/div>\n<div class=\"page\" title=\"Page 1\">\n<div class=\"layoutArea\">\n<div class=\"column\">\n<p style=\"text-align: center\"><strong>Oberstufenprofile fu\u0308r den Abiturjahrgang 2028<br \/>\n<\/strong><span style=\"font-size: 10pt\">(f\u00fcr ein gr\u00f6\u00dfere Ansicht klicken Sie bitte auf das Bild)<\/span><\/p>\n<p><img loading=\"lazy\" decoding=\"async\" class=\"aligncenter wp-image-10668 size-large\" src=\"https:\/\/cvo.hamburg.de\/wp-content\/uploads\/sites\/31\/2025\/11\/Profil-Flyer-CvO-Abi2028-scaled-e1764328734627-1024x659.jpg\" alt=\"\" width=\"1024\" height=\"659\" srcset=\"https:\/\/cvo.hamburg.de\/wp-content\/uploads\/sites\/31\/2025\/11\/Profil-Flyer-CvO-Abi2028-scaled-e1764328734627-1024x659.jpg 1024w, https:\/\/cvo.hamburg.de\/wp-content\/uploads\/sites\/31\/2025\/11\/Profil-Flyer-CvO-Abi2028-scaled-e1764328734627-300x193.jpg 300w, https:\/\/cvo.hamburg.de\/wp-content\/uploads\/sites\/31\/2025\/11\/Profil-Flyer-CvO-Abi2028-scaled-e1764328734627-768x495.jpg 768w, https:\/\/cvo.hamburg.de\/wp-content\/uploads\/sites\/31\/2025\/11\/Profil-Flyer-CvO-Abi2028-scaled-e1764328734627-1536x989.jpg 1536w, https:\/\/cvo.hamburg.de\/wp-content\/uploads\/sites\/31\/2025\/11\/Profil-Flyer-CvO-Abi2028-scaled-e1764328734627-2048x1319.jpg 2048w\" sizes=\"auto, (max-width: 1024px) 100vw, 1024px\" \/><\/p>\n<\/div>\n<\/div>\n<\/div>\n<h5><b>Informationen&nbsp;zu den&nbsp;Profilen<\/b><\/h5>\n<ul>\n<li>&nbsp;<a href=\"https:\/\/cvo.hamburg.de\/wp-content\/uploads\/sites\/31\/2025\/11\/Informationen-zu-den-Profilen-2026.pdf\" target=\"_blank\" rel=\"noopener\">Informationen zu den Profilen 2026<\/a><\/li>\n<li><a href=\"https:\/\/cvo.hamburg.de\/wp-content\/uploads\/sites\/31\/2025\/12\/Wahlbogen-Profiloberstufe_2026.pdf\" target=\"_blank\" rel=\"noopener\">Wahlbogen Profiloberstufe 2026<\/a><\/li>\n<\/ul>\n<p>&nbsp;<\/p>\n<p>&nbsp;<\/p>\n","protected":false},"excerpt":{"rendered":"<p>Informationen zu den Wahlb\u00f6gen und f\u00fcr Interessenten am Sport-Profil finden Sie hier: Infobrief Wahlen zur Oberstufe&nbsp; &nbsp; In unserer gro\u00dfen Oberstufe haben alle Sch\u00fclerinnen und Sch\u00fcler die Wahlm\u00f6glichkeit zwischen sieben verschiedenen Profilen mit insgesamt&#46;&#46;&#46;<\/p>\n","protected":false},"author":44,"featured_media":0,"parent":0,"menu_order":0,"comment_status":"closed","ping_status":"closed","template":"","meta":{"_acf_changed":false,"footnotes":""},"class_list":["post-204","page","type-page","status-publish","hentry"],"acf":[],"_links":{"self":[{"href":"https:\/\/cvo.hamburg.de\/index.php?rest_route=\/wp\/v2\/pages\/204","targetHints":{"allow":["GET"]}}],"collection":[{"href":"https:\/\/cvo.hamburg.de\/index.php?rest_route=\/wp\/v2\/pages"}],"about":[{"href":"https:\/\/cvo.hamburg.de\/index.php?rest_route=\/wp\/v2\/types\/page"}],"author":[{"embeddable":true,"href":"https:\/\/cvo.hamburg.de\/index.php?rest_route=\/wp\/v2\/users\/44"}],"replies":[{"embeddable":true,"href":"https:\/\/cvo.hamburg.de\/index.php?rest_route=%2Fwp%2Fv2%2Fcomments&post=204"}],"version-history":[{"count":72,"href":"https:\/\/cvo.hamburg.de\/index.php?rest_route=\/wp\/v2\/pages\/204\/revisions"}],"predecessor-version":[{"id":10842,"href":"https:\/\/cvo.hamburg.de\/index.php?rest_route=\/wp\/v2\/pages\/204\/revisions\/10842"}],"wp:attachment":[{"href":"https:\/\/cvo.hamburg.de\/index.php?rest_route=%2Fwp%2Fv2%2Fmedia&parent=204"}],"curies":[{"name":"wp","href":"https:\/\/api.w.org\/{rel}","templated":true}]}}