{"id":2030,"date":"2016-01-20T14:24:01","date_gmt":"2016-01-20T13:24:01","guid":{"rendered":"http:\/\/cvo.hamburg.de\/?page_id=2030"},"modified":"2026-03-18T10:42:26","modified_gmt":"2026-03-18T09:42:26","slug":"ganztag","status":"publish","type":"page","link":"https:\/\/cvo.hamburg.de\/?page_id=2030","title":{"rendered":"Ganztag"},"content":{"rendered":"<p><img loading=\"lazy\" decoding=\"async\" class=\" wp-image-9515 alignleft\" src=\"https:\/\/cvo.hamburg.de\/wp-content\/uploads\/sites\/31\/2024\/08\/Bildschirmfoto-2024-08-29-um-11.27.19.png\" alt=\"\" width=\"144\" height=\"207\" srcset=\"https:\/\/cvo.hamburg.de\/wp-content\/uploads\/sites\/31\/2024\/08\/Bildschirmfoto-2024-08-29-um-11.27.19.png 590w, https:\/\/cvo.hamburg.de\/wp-content\/uploads\/sites\/31\/2024\/08\/Bildschirmfoto-2024-08-29-um-11.27.19-209x300.png 209w\" sizes=\"auto, (max-width: 144px) 100vw, 144px\" \/>Das CvO &nbsp;bietet in unseren R\u00e4umen die Nachmittagsbetreuung &#8211; von 13.30 &#8211; 16 Uhr &#8211; in Zusammenarbeit mit dem Hort Tigerente an. Geleitet wird der Hort von Herr Zywiolek. Au\u00dferdem unterst\u00fctzen jedes Jahr &nbsp;FSJ&#8217;ler oder BufDis den Ganztag.<\/p>\n<p>Am Ganztag teilnehmen k\u00f6nnen alle Sch\u00fclerinnen und Sch\u00fcler des CvO bis zum vollendeten 14. Lebensjahr. Die angemeldeten Kinder k\u00f6nnen an der t\u00e4glichen Hausaufgabenzeit teilnehmen, die&nbsp;von&nbsp;Oberstufensch\u00fcler:innen des CvO betreut wird. Der Hort Tigerente&nbsp;arbeitet mit einem freien Konzept, dass allen Kindern viel Entscheidungsraum w\u00e4hrend ihrer Betreuungszeit gibt, daher bedeutet Betreuung am Nachmittag neben Hausaufgaben auch Reden, Lachen und Spielen, ganz ohne Vorgaben.<\/p>\n<p><img loading=\"lazy\" decoding=\"async\" class=\"alignright wp-image-6280\" src=\"https:\/\/cvo.hamburg.de\/wp-content\/uploads\/sites\/31\/2022\/01\/Bildschirmfoto-2022-01-10-um-09.03.16-300x251.png\" alt=\"\" width=\"216\" height=\"181\" srcset=\"https:\/\/cvo.hamburg.de\/wp-content\/uploads\/sites\/31\/2022\/01\/Bildschirmfoto-2022-01-10-um-09.03.16-300x251.png 300w, https:\/\/cvo.hamburg.de\/wp-content\/uploads\/sites\/31\/2022\/01\/Bildschirmfoto-2022-01-10-um-09.03.16.png 676w\" sizes=\"auto, (max-width: 216px) 100vw, 216px\" \/>Die Anmeldung zum Ganztag erfolgt \u00fcber das Schulb\u00fcro. Der Hort ist Ansprechpartner bei p\u00e4dagogischen oder organisatorischen Fragen, z.B. wenn die Kinder vor 16 Uhr nach Hause gehen sollen, weil sie private Sport- oder Musiktermine haben.<\/p>\n<p>Die AGs am Nachmittag finden unabh\u00e4ngig vom Ganztag statt, sie sind f\u00fcr alle Kinder offen. Wir bitten jedoch um Anmeldung, wenn die Kurse genutzt werden.<\/p>\n<p>&nbsp;<\/p>\n<p>&nbsp;<\/p>\n<p><em>Foto: privat&nbsp;<\/em><\/p>\n<p>&nbsp;<\/p>\n<p>&nbsp;<\/p>\n","protected":false},"excerpt":{"rendered":"<p>Das CvO &nbsp;bietet in unseren R\u00e4umen die Nachmittagsbetreuung &#8211; von 13.30 &#8211; 16 Uhr &#8211; in Zusammenarbeit mit dem Hort Tigerente an. Geleitet wird der Hort von Herr Zywiolek. Au\u00dferdem unterst\u00fctzen jedes Jahr &nbsp;FSJ&#8217;ler&#46;&#46;&#46;<\/p>\n","protected":false},"author":44,"featured_media":0,"parent":0,"menu_order":0,"comment_status":"closed","ping_status":"closed","template":"","meta":{"_acf_changed":false,"footnotes":""},"class_list":["post-2030","page","type-page","status-publish","hentry"],"acf":[],"_links":{"self":[{"href":"https:\/\/cvo.hamburg.de\/index.php?rest_route=\/wp\/v2\/pages\/2030","targetHints":{"allow":["GET"]}}],"collection":[{"href":"https:\/\/cvo.hamburg.de\/index.php?rest_route=\/wp\/v2\/pages"}],"about":[{"href":"https:\/\/cvo.hamburg.de\/index.php?rest_route=\/wp\/v2\/types\/page"}],"author":[{"embeddable":true,"href":"https:\/\/cvo.hamburg.de\/index.php?rest_route=\/wp\/v2\/users\/44"}],"replies":[{"embeddable":true,"href":"https:\/\/cvo.hamburg.de\/index.php?rest_route=%2Fwp%2Fv2%2Fcomments&post=2030"}],"version-history":[{"count":21,"href":"https:\/\/cvo.hamburg.de\/index.php?rest_route=\/wp\/v2\/pages\/2030\/revisions"}],"predecessor-version":[{"id":10948,"href":"https:\/\/cvo.hamburg.de\/index.php?rest_route=\/wp\/v2\/pages\/2030\/revisions\/10948"}],"wp:attachment":[{"href":"https:\/\/cvo.hamburg.de\/index.php?rest_route=%2Fwp%2Fv2%2Fmedia&parent=2030"}],"curies":[{"name":"wp","href":"https:\/\/api.w.org\/{rel}","templated":true}]}}