{"id":201,"date":"2014-05-31T16:16:53","date_gmt":"2014-05-31T15:16:53","guid":{"rendered":"https:\/\/carlvossietzky.dev-schulhomepages.hamburg.de\/?page_id=201"},"modified":"2020-12-07T09:53:28","modified_gmt":"2020-12-07T08:53:28","slug":"das-allgemeine-informations-zentrum-aiz","status":"publish","type":"page","link":"https:\/\/cvo.hamburg.de\/?page_id=201","title":{"rendered":"Das Arbeits- und Informationszentrum (AIZ)"},"content":{"rendered":"<p>Das AIZ befindet sich im ersten Stock des Oberstufengeb\u00e4udes und\u00a0ist\u00a0ein Lernort f\u00fcr die Sch\u00fclerinnen und Sch\u00fcler der Studienstufe. Hier finden sie aktuelle B\u00fcchern zu g\u00e4ngigen Semesterthemen, k\u00f6nnen \u00a0im Internet recherchieren, Zeitungen lesen u.v.m.<\/p>\n<p>Die Bibliothek\u00a0bietet verschiedene M\u00f6glichkeiten zum selbstst\u00e4ndigen Arbeiten in einer ruhigen Umgebung an. Wer f\u00fcr den Unterricht gemeinsam mit Mitsch\u00fclern Themen erarbeiten will, kann den Gruppenarbeitsraum des AIZ nutzen. Auch er ist mit Computerarbeitspl\u00e4tzen ausgestattet.<\/p>\n<p>&nbsp;<\/p>\n","protected":false},"excerpt":{"rendered":"<p>Das AIZ befindet sich im ersten Stock des Oberstufengeb\u00e4udes und\u00a0ist\u00a0ein Lernort f\u00fcr die Sch\u00fclerinnen und Sch\u00fcler der Studienstufe. Hier finden sie aktuelle B\u00fcchern zu g\u00e4ngigen Semesterthemen, k\u00f6nnen \u00a0im Internet recherchieren, Zeitungen lesen u.v.m. Die&#46;&#46;&#46;<\/p>\n","protected":false},"author":44,"featured_media":0,"parent":0,"menu_order":0,"comment_status":"closed","ping_status":"closed","template":"","meta":{"_acf_changed":false,"footnotes":""},"class_list":["post-201","page","type-page","status-publish","hentry"],"acf":[],"_links":{"self":[{"href":"https:\/\/cvo.hamburg.de\/index.php?rest_route=\/wp\/v2\/pages\/201","targetHints":{"allow":["GET"]}}],"collection":[{"href":"https:\/\/cvo.hamburg.de\/index.php?rest_route=\/wp\/v2\/pages"}],"about":[{"href":"https:\/\/cvo.hamburg.de\/index.php?rest_route=\/wp\/v2\/types\/page"}],"author":[{"embeddable":true,"href":"https:\/\/cvo.hamburg.de\/index.php?rest_route=\/wp\/v2\/users\/44"}],"replies":[{"embeddable":true,"href":"https:\/\/cvo.hamburg.de\/index.php?rest_route=%2Fwp%2Fv2%2Fcomments&post=201"}],"version-history":[{"count":2,"href":"https:\/\/cvo.hamburg.de\/index.php?rest_route=\/wp\/v2\/pages\/201\/revisions"}],"predecessor-version":[{"id":5111,"href":"https:\/\/cvo.hamburg.de\/index.php?rest_route=\/wp\/v2\/pages\/201\/revisions\/5111"}],"wp:attachment":[{"href":"https:\/\/cvo.hamburg.de\/index.php?rest_route=%2Fwp%2Fv2%2Fmedia&parent=201"}],"curies":[{"name":"wp","href":"https:\/\/api.w.org\/{rel}","templated":true}]}}