{"id":195,"date":"2014-05-31T16:05:22","date_gmt":"2014-05-31T14:05:22","guid":{"rendered":"https:\/\/carlvossietzky.dev-schulhomepages.hamburg.de\/?page_id=195"},"modified":"2025-12-05T19:03:53","modified_gmt":"2025-12-05T18:03:53","slug":"oberstufe-2","status":"publish","type":"page","link":"https:\/\/cvo.hamburg.de\/?page_id=195","title":{"rendered":"Downloads Oberstufe"},"content":{"rendered":"<h4>Informationen und Anmeldeunterlagen f\u00fcr die Oberstufe<\/h4>\n<h5>Profile<\/h5>\n<div id=\"attachment_4177\" style=\"width: 353px\" class=\"wp-caption alignleft\"><a href=\"https:\/\/cvo.hamburg.de\/wp-content\/uploads\/sites\/31\/2024\/11\/cvo_broschuere_oberstufenprofile_abi_2027-.pdf\"><img loading=\"lazy\" decoding=\"async\" aria-describedby=\"caption-attachment-4177\" class=\"wp-image-4177\" src=\"https:\/\/cvo.hamburg.de\/wp-content\/uploads\/sites\/31\/2019\/11\/oberstufe-flyer-2109-hp-titel-210x300.jpg\" alt=\"\" width=\"343\" height=\"489\" srcset=\"https:\/\/cvo.hamburg.de\/wp-content\/uploads\/sites\/31\/2019\/11\/oberstufe-flyer-2109-hp-titel-210x300.jpg 210w, https:\/\/cvo.hamburg.de\/wp-content\/uploads\/sites\/31\/2019\/11\/oberstufe-flyer-2109-hp-titel-768x1097.jpg 768w, https:\/\/cvo.hamburg.de\/wp-content\/uploads\/sites\/31\/2019\/11\/oberstufe-flyer-2109-hp-titel-717x1024.jpg 717w, https:\/\/cvo.hamburg.de\/wp-content\/uploads\/sites\/31\/2019\/11\/oberstufe-flyer-2109-hp-titel.jpg 1288w\" sizes=\"auto, (max-width: 343px) 100vw, 343px\" \/><\/a><p id=\"caption-attachment-4177\" class=\"wp-caption-text\">In dieser Brosch\u00fcre finden Sie wichtige Informationen zu den Oberstufenprofilen<\/p><\/div>\n<p>Weitere Informationen erhalten Sie hier:<\/p>\n<ul>\n<li><a href=\"https:\/\/cvo.hamburg.de\/wp-content\/uploads\/sites\/31\/2025\/11\/Informationen-zu-den-Profilen-2026.pdf\">Informationen zu den Profilen-2026<\/a><\/li>\n<li><a href=\"https:\/\/cvo.hamburg.de\/wp-content\/uploads\/sites\/31\/2025\/12\/Wahlbogen-Profiloberstufe_2026.pdf\">Wahlbogen Profiloberstufe_2026<\/a><\/li>\n<li><a href=\"https:\/\/cvo.hamburg.de\/wp-content\/uploads\/sites\/31\/2025\/12\/Terminplan-Abitur-2026.pdf\">Terminplan Abitur 2026<\/a><\/li>\n<\/ul>\n<p>&nbsp;<\/p>\n<p>&nbsp;<\/p>\n<p>&nbsp;<\/p>\n<p>&nbsp;<\/p>\n<p>&nbsp;<\/p>\n<p>&nbsp;<\/p>\n<p>&nbsp;<\/p>\n<p>&nbsp;<\/p>\n<p>&nbsp;<\/p>\n<h5>&nbsp;<\/h5>\n<h5>&nbsp;<\/h5>\n<h5>Seminarfach \/BoSo<\/h5>\n<div id=\"attachment_6935\" style=\"width: 382px\" class=\"wp-caption alignleft\"><a href=\"https:\/\/cvo.hamburg.de\/wp-content\/uploads\/sites\/31\/2023\/08\/oberstufenheft_2023_hp.pdf\" target=\"_blank\" rel=\"noopener\"><img loading=\"lazy\" decoding=\"async\" aria-describedby=\"caption-attachment-6935\" class=\"wp-image-6935\" src=\"https:\/\/cvo.hamburg.de\/wp-content\/uploads\/sites\/31\/2022\/08\/Bildschirmfoto-2022-08-11-um-10.04.42-214x300.png\" alt=\"\" width=\"372\" height=\"521\" srcset=\"https:\/\/cvo.hamburg.de\/wp-content\/uploads\/sites\/31\/2022\/08\/Bildschirmfoto-2022-08-11-um-10.04.42-214x300.png 214w, https:\/\/cvo.hamburg.de\/wp-content\/uploads\/sites\/31\/2022\/08\/Bildschirmfoto-2022-08-11-um-10.04.42-731x1024.png 731w, https:\/\/cvo.hamburg.de\/wp-content\/uploads\/sites\/31\/2022\/08\/Bildschirmfoto-2022-08-11-um-10.04.42-768x1076.png 768w, https:\/\/cvo.hamburg.de\/wp-content\/uploads\/sites\/31\/2022\/08\/Bildschirmfoto-2022-08-11-um-10.04.42-1097x1536.png 1097w, https:\/\/cvo.hamburg.de\/wp-content\/uploads\/sites\/31\/2022\/08\/Bildschirmfoto-2022-08-11-um-10.04.42.png 1248w\" sizes=\"auto, (max-width: 372px) 100vw, 372px\" \/><\/a><p id=\"caption-attachment-6935\" class=\"wp-caption-text\">Dieses Handbuch kann auch als Nachschlagewerk benutzt werden \u2013 wenn es z.B. um die Frage geht, wie eine Quelle korrekt anzugeben ist.<\/p><\/div>\n<p>&nbsp;<\/p>\n<p>&nbsp;<\/p>\n<p>&nbsp;<\/p>\n<p>&nbsp;<\/p>\n<p>&nbsp;<\/p>\n<p>&nbsp;<\/p>\n<p>&nbsp;<\/p>\n<p>&nbsp;<\/p>\n<p>&nbsp;<\/p>\n<p>&nbsp;<\/p>\n<p>&nbsp;<\/p>\n<p>&nbsp;<\/p>\n<p>&nbsp;<\/p>\n<p>&nbsp;<\/p>\n<p>&nbsp;<\/p>\n<p>\u21d2 Informationen der BSB zur Studienstufe finden Sie <a href=\"http:\/\/www.hamburg.de\/gymnasium\/2929908\/studienstufe\/\">hier<\/a><\/p>\n<p>&nbsp;<\/p>\n<h6>Pr\u00e4sentationsleistung \/Pr\u00e4sentationspr\u00fcfung<\/h6>\n<ul>\n<li style=\"list-style-type: none\">\n<ul>\n<li style=\"list-style-type: none\">\n<ul>\n<li><a href=\"https:\/\/cvo.hamburg.de\/wp-content\/uploads\/sites\/31\/2014\/05\/Pr\u00e4sentationsleistung_Maske_Dokumentation.pdf\">Maske zum Erstellen einer Dokumentation<\/a><\/li>\n<li><a href=\"https:\/\/cvo.hamburg.de\/wp-content\/uploads\/sites\/31\/2014\/05\/Wie_speichere_und_verpacke_ich_eine_PowerPoint-Praesentation1.pdf\">Anleitung zum Speichern einer PowerPoint-Pr\u00e4sentation<\/a><\/li>\n<\/ul>\n<\/li>\n<\/ul>\n<\/li>\n<\/ul>\n<h6>&nbsp;<\/h6>\n<h6>M\u00fcndliche Pr\u00fcfungen<\/h6>\n<ul>\n<li style=\"list-style-type: none\">\n<ul>\n<li style=\"list-style-type: none\">\n<ul>\n<li><a href=\"https:\/\/cvo.hamburg.de\/wp-content\/uploads\/sites\/31\/2014\/05\/Erlaeuterung_zur_Dokumentation_der_ABI-Praesentationspruefung.pdf\">Erl\u00e4uterung zur Dokumentation der ABI-Pr\u00e4sentationspr\u00fcfung<\/a><\/li>\n<li><a href=\"https:\/\/cvo.hamburg.de\/wp-content\/uploads\/sites\/31\/2014\/05\/Formular_fuer_die_Dokumentation_der_ABI-Praesentationspruefung.pdf\">Formular f\u00fcr die Dokumentation der ABI-Pr\u00e4sentationspr\u00fcfung<\/a><\/li>\n<\/ul>\n<\/li>\n<\/ul>\n<\/li>\n<\/ul>\n<p>&nbsp;<\/p>\n","protected":false},"excerpt":{"rendered":"<p>Informationen und Anmeldeunterlagen f\u00fcr die Oberstufe Profile Weitere Informationen erhalten Sie hier: Informationen zu den Profilen-2026 Wahlbogen Profiloberstufe_2026 Terminplan Abitur 2026 &nbsp; &nbsp; &nbsp; &nbsp; &nbsp; &nbsp; &nbsp; &nbsp; &nbsp; &nbsp; &nbsp; Seminarfach \/BoSo&#46;&#46;&#46;<\/p>\n","protected":false},"author":44,"featured_media":0,"parent":0,"menu_order":0,"comment_status":"closed","ping_status":"closed","template":"","meta":{"_acf_changed":false,"footnotes":""},"class_list":["post-195","page","type-page","status-publish","hentry"],"acf":[],"_links":{"self":[{"href":"https:\/\/cvo.hamburg.de\/index.php?rest_route=\/wp\/v2\/pages\/195","targetHints":{"allow":["GET"]}}],"collection":[{"href":"https:\/\/cvo.hamburg.de\/index.php?rest_route=\/wp\/v2\/pages"}],"about":[{"href":"https:\/\/cvo.hamburg.de\/index.php?rest_route=\/wp\/v2\/types\/page"}],"author":[{"embeddable":true,"href":"https:\/\/cvo.hamburg.de\/index.php?rest_route=\/wp\/v2\/users\/44"}],"replies":[{"embeddable":true,"href":"https:\/\/cvo.hamburg.de\/index.php?rest_route=%2Fwp%2Fv2%2Fcomments&post=195"}],"version-history":[{"count":63,"href":"https:\/\/cvo.hamburg.de\/index.php?rest_route=\/wp\/v2\/pages\/195\/revisions"}],"predecessor-version":[{"id":10715,"href":"https:\/\/cvo.hamburg.de\/index.php?rest_route=\/wp\/v2\/pages\/195\/revisions\/10715"}],"wp:attachment":[{"href":"https:\/\/cvo.hamburg.de\/index.php?rest_route=%2Fwp%2Fv2%2Fmedia&parent=195"}],"curies":[{"name":"wp","href":"https:\/\/api.w.org\/{rel}","templated":true}]}}