{"id":180,"date":"2014-05-12T12:46:50","date_gmt":"2014-05-12T11:46:50","guid":{"rendered":"https:\/\/carlvossietzky.dev-schulhomepages.hamburg.de\/?page_id=180"},"modified":"2018-01-19T18:37:31","modified_gmt":"2018-01-19T17:37:31","slug":"unterricht-am-cvo","status":"publish","type":"page","link":"https:\/\/cvo.hamburg.de\/?page_id=180","title":{"rendered":"Unterricht am CvO"},"content":{"rendered":"<p><a href=\"https:\/\/cvo.hamburg.de\/wp-content\/uploads\/sites\/31\/2017\/12\/DSC_0120-Bearbeitet-e1512659733795.jpeg\" data-rel=\"lightbox\" data-rl_title=\"\" data-rl_caption=\"\" title=\"\"><img loading=\"lazy\" decoding=\"async\" class=\"alignleft size-large wp-image-3025\" src=\"https:\/\/cvo.hamburg.de\/wp-content\/uploads\/sites\/31\/2017\/12\/DSC_0120-Bearbeitet-1024x474.jpeg\" alt=\"\" width=\"474\" height=\"219\" \/><\/a><\/p>\n<p>Unterricht ist die Kernaufgabe einer Schule. Am CvO streben wir einen interessanten und abwechslungsreichen Unterricht an, denn gelangweilte Sch\u00fcler lernen nichts. Neben vielen handlungsorientierten Methoden und praktischen Unterrichtsphasen f\u00f6rdert insbesondere unser schuleigenes Methodencurriculum die Unterrichtsvielfalt. Kern dieses internen \u201eLehrplans\u201c ist ein st\u00e4rker kooperativ ausgerichteter Unterrichtsstil, d.h. Sch\u00fcler arbeiten alleine, zu zweit oder auch in Gruppen. Auch das klassische Unterrichtsgespr\u00e4ch und der Lehrer- bzw. Sch\u00fclervortrag haben im Rahmen dieser Methodenvielfalt ihren Platz. Im Methodencurriculum ist zudem festgelegt, in welchem Jahrgang welche Arbeitstechniken eingef\u00fchrt werden und wie wir die systematische Entwicklung von Lernkompetenz bei den Sch\u00fclerinnen und Sch\u00fclern f\u00f6rdern.<\/p>\n<p>F\u00fcr unser p\u00e4dagogisches Konzept haben wir einen Grundsatz formuliert:<\/p>\n<p style=\"padding-left: 30px\"><strong>Gemeinsam arbeiten, individualisiert lernen<\/strong><\/p>\n<p>Da Sch\u00fclerinnen und Sch\u00fcler unterschiedliche Begabungen haben und sich in Lerntempo und Denkstrukturen unterscheiden, m\u00fcssen die einen punktuell gefordert und die anderen in einigen F\u00e4chern gef\u00f6rdert werden. Am CvO haben wir daher f\u00fcr jede Stufe altersgerechte Konzepte und Methoden entwickelt, um alle Sch\u00fclerinnen und Sch\u00fcler so zu unterrichten, dass sie ihre individuellen Kompetenzen optimal entwickeln k\u00f6nnen.<\/p>\n","protected":false},"excerpt":{"rendered":"<p>Unterricht ist die Kernaufgabe einer Schule. Am CvO streben wir einen interessanten und abwechslungsreichen Unterricht an, denn gelangweilte Sch\u00fcler lernen nichts. Neben vielen handlungsorientierten Methoden und praktischen Unterrichtsphasen f\u00f6rdert insbesondere unser schuleigenes Methodencurriculum die&#46;&#46;&#46;<\/p>\n","protected":false},"author":44,"featured_media":0,"parent":0,"menu_order":0,"comment_status":"closed","ping_status":"closed","template":"","meta":{"_acf_changed":false,"footnotes":""},"class_list":["post-180","page","type-page","status-publish","hentry"],"acf":[],"_links":{"self":[{"href":"https:\/\/cvo.hamburg.de\/index.php?rest_route=\/wp\/v2\/pages\/180","targetHints":{"allow":["GET"]}}],"collection":[{"href":"https:\/\/cvo.hamburg.de\/index.php?rest_route=\/wp\/v2\/pages"}],"about":[{"href":"https:\/\/cvo.hamburg.de\/index.php?rest_route=\/wp\/v2\/types\/page"}],"author":[{"embeddable":true,"href":"https:\/\/cvo.hamburg.de\/index.php?rest_route=\/wp\/v2\/users\/44"}],"replies":[{"embeddable":true,"href":"https:\/\/cvo.hamburg.de\/index.php?rest_route=%2Fwp%2Fv2%2Fcomments&post=180"}],"version-history":[{"count":0,"href":"https:\/\/cvo.hamburg.de\/index.php?rest_route=\/wp\/v2\/pages\/180\/revisions"}],"wp:attachment":[{"href":"https:\/\/cvo.hamburg.de\/index.php?rest_route=%2Fwp%2Fv2%2Fmedia&parent=180"}],"curies":[{"name":"wp","href":"https:\/\/api.w.org\/{rel}","templated":true}]}}