{"id":157,"date":"2014-05-05T14:23:52","date_gmt":"2014-05-05T12:23:52","guid":{"rendered":"https:\/\/carlvossietzky.dev-schulhomepages.hamburg.de\/?page_id=157"},"modified":"2025-04-28T14:16:54","modified_gmt":"2025-04-28T12:16:54","slug":"zentrale-tests-und-ueberpruefungen","status":"publish","type":"page","link":"https:\/\/cvo.hamburg.de\/?page_id=157","title":{"rendered":"Zentrale Tests und Nachschreibarbeiten"},"content":{"rendered":"<p>In Klasse 8 und 9 f\u00fchrt Hamburg zentrale Tests, die sog. Kermit-\u00dcberpr\u00fcfungen durch. Diese Tests stellen unbenotete Erhebungen zum Lernstand der Sch\u00fcler*innen dar, die als Diagnoseinstrument zu nutzen sind.<\/p>\n<p><span style=\"color: #dc9128\"><strong>Kermit 8<br \/>\n<\/strong><\/span>&gt;&nbsp;\u00dcberpr\u00fcfung der F\u00e4higkeiten der Sch\u00fcler*innen in den F\u00e4chern Deutsch,<br \/>\nMathematik und Englisch (Testformate z.B. Multiple Choice)<br \/>\n&gt; Schwerpunktm\u00e4\u00dfig klassenbezogene Auswertung<\/p>\n<p><span style=\"color: #dc9128\"><strong>&gt; Kermit 9<br \/>\n<\/strong><\/span>&gt;&nbsp;\u00dcberpr\u00fcfung der F\u00e4higkeiten der Sch\u00fcler*innen in den F\u00e4chern Deutsch, Mathematik, Englisch und Naturwissenschaften (Testformate siehe Kermit 8)<br \/>\n&gt; Schwerpunktm\u00e4\u00dfig individuelle&nbsp;Auswertung<\/p>\n<p>&nbsp;<\/p>\n<p><strong style=\"color: #dc9128\">Zentrale Nachschreibarbeiten<\/strong><\/p>\n<p>Am CvO haben wir einen regelm\u00e4\u00dfigen zentralen Nachschreibtermin f\u00fcr vers\u00e4umte Klassenarbeiten eingef\u00fchrt.<\/p>\n<p style=\"padding-left: 30px\"><strong>Die Nachschreibtermine finden regelm\u00e4\u00dfig freitags in 4a\/b &nbsp;im Raum F13 unter Aufsicht eines\/r Lehrers\/in statt. Die Teilnahme erfolgt nach pers\u00f6nlicher Absprache zwischen Lehrer*in und Sch\u00fcler*in.<\/strong><\/p>\n<p>Sch\u00fcler*innen, die zum Nachschreibtermin krank sind, m\u00fcssen an diesem Tag mit Verweis auf die Nachschreibarbeit im Schulb\u00fcro krank gemeldet werden.<\/p>\n<p>&nbsp;<\/p>\n","protected":false},"excerpt":{"rendered":"<p>In Klasse 8 und 9 f\u00fchrt Hamburg zentrale Tests, die sog. Kermit-\u00dcberpr\u00fcfungen durch. Diese Tests stellen unbenotete Erhebungen zum Lernstand der Sch\u00fcler*innen dar, die als Diagnoseinstrument zu nutzen sind. Kermit 8 &gt;&nbsp;\u00dcberpr\u00fcfung der F\u00e4higkeiten&#46;&#46;&#46;<\/p>\n","protected":false},"author":44,"featured_media":0,"parent":0,"menu_order":0,"comment_status":"closed","ping_status":"closed","template":"","meta":{"_acf_changed":false,"footnotes":""},"class_list":["post-157","page","type-page","status-publish","hentry"],"acf":[],"_links":{"self":[{"href":"https:\/\/cvo.hamburg.de\/index.php?rest_route=\/wp\/v2\/pages\/157","targetHints":{"allow":["GET"]}}],"collection":[{"href":"https:\/\/cvo.hamburg.de\/index.php?rest_route=\/wp\/v2\/pages"}],"about":[{"href":"https:\/\/cvo.hamburg.de\/index.php?rest_route=\/wp\/v2\/types\/page"}],"author":[{"embeddable":true,"href":"https:\/\/cvo.hamburg.de\/index.php?rest_route=\/wp\/v2\/users\/44"}],"replies":[{"embeddable":true,"href":"https:\/\/cvo.hamburg.de\/index.php?rest_route=%2Fwp%2Fv2%2Fcomments&post=157"}],"version-history":[{"count":7,"href":"https:\/\/cvo.hamburg.de\/index.php?rest_route=\/wp\/v2\/pages\/157\/revisions"}],"predecessor-version":[{"id":10213,"href":"https:\/\/cvo.hamburg.de\/index.php?rest_route=\/wp\/v2\/pages\/157\/revisions\/10213"}],"wp:attachment":[{"href":"https:\/\/cvo.hamburg.de\/index.php?rest_route=%2Fwp%2Fv2%2Fmedia&parent=157"}],"curies":[{"name":"wp","href":"https:\/\/api.w.org\/{rel}","templated":true}]}}