{"id":147,"date":"2014-05-05T14:17:47","date_gmt":"2014-05-05T12:17:47","guid":{"rendered":"https:\/\/carlvossietzky.dev-schulhomepages.hamburg.de\/?page_id=147"},"modified":"2026-02-05T11:37:33","modified_gmt":"2026-02-05T10:37:33","slug":"reisen","status":"publish","type":"page","link":"https:\/\/cvo.hamburg.de\/?page_id=147","title":{"rendered":"Reisen und Auslandsaufenthalte"},"content":{"rendered":"<h5><span style=\"color: #dc9128\">Sportreisen<\/span><\/h5>\n<p>Das CvO hat sich dazu entschlossen, in der Mittelstufe zwei Sportreisen anzubieten, die die fehlende dritte Sportstunde kompensieren. Diese Organisationsweise erm\u00f6glicht es, auch Sportarten anzubieten, die im Rahmen des Schulsportunterrichts nicht angeboten werden k\u00f6nnten. Dar\u00fcber hinaus ist es uns ein Anliegen &#8211; mit Blick auf ein Sportprofil in der Oberstufe \u2013 ein m\u00f6glichst breitgef\u00e4chertes Sportangebot in der Mittelstufe anzubieten, in dem Sch\u00fcler*innen ihre Fertigkeiten und Interessen ausprobieren k\u00f6nnen. Eine andere Facette dieses Ansatzes zeigt sich im Leistungsf\u00f6rderungsangebot Hockey und Handball im Wahlpflichtbereich III.<\/p>\n<p><strong>Sportbetonte Klassenreise an die Schlei (Outward Bound)<\/strong><br \/>\nEs handelt sich um ein sportbetontes und teambildendes erlebnisp\u00e4dagogisches Angebot in Hamburgn\u00e4he, das an die Jugendherbergen Kappel und Borgwedel angebunden ist, und von externen Teamern an drei Tagen der knapp f\u00fcnft\u00e4gigen Reise durchgef\u00fchrt wird.<\/p>\n<p><em><strong>Die Skireise in Klasse 10<br \/>\n<\/strong><\/em>Die Skireise in Klasse 10 ist keine verpflichtende Reise. Sie findet im Januar als Stufenreise statt . Sch\u00fcler*innen, die nicht teilnehmen, absolvieren in dieser Zeit ein Praktikum. Reiseziel ist der \u201eGro\u00dfe Arber\u201c im Bayerischen Wald.<\/p>\n<p>Das CvO stellt die Ausr\u00fcstung (Ski, Schuhe) zur Verf\u00fcgung.<\/p>\n<h5><span style=\"color: #dc9128\">Austauschreisen<\/span><\/h5>\n<p>F\u00fcr sprachinteressierte Sch\u00fcler*innen bietet das CvO Austauschreisen nach England, Frankreich und Spanien sowie eine Rom- oder Pompeii-Reise f\u00fcr die Lateinsch\u00fcler*innen an.<\/p>\n<h5><span style=\"color: #dc9128\">Auslandsaufenthalte<\/span><\/h5>\n<p>Das CvO unterst\u00fctzt und f\u00f6rdert den Auslandsaufenthalt, indem es Sch\u00fcler*innen und Eltern, die einen solchen Schritt in Erw\u00e4gung ziehen, hinsichtlich der Modalit\u00e4ten ber\u00e4t. Auch die Frage, wann der geeignete Zeitpunkt im Interesse des\/der Sch\u00fcler*in ist, kann im Gespr\u00e4ch mit Frau Busse, Abteilungsleitung 8-10, gekl\u00e4rt werden.<\/p>\n<p><strong>Voraussetzungen<\/strong><\/p>\n<ul>\n<li>Jeder Sch\u00fcler, jede Sch\u00fclerin kann ins Ausland gehen, unabh\u00e4ngig vom Leistungsstand.<\/li>\n<li>Im Ausland muss regelhaft eine Schule besucht werden.<\/li>\n<li>\u00dcber den Auslandsschulbesuch muss eine Bescheinigung vorgelegt werden.<\/li>\n<\/ul>\n<p><strong>Vorgesehene Zeitspannen<\/strong><\/p>\n<ul>\n<li>1. Halbjahr Klasse 10<\/li>\n<li>2. Halbjahr Klasse 10<\/li>\n<li>1. und 2. Halbjahr Klasse 10<\/li>\n<li>andere Varianten (z.B. nach Klasse 10 ein Schuljahr \u2013 dann weiter mit Klasse 11)<\/li>\n<li>alle von diesen Zeitspannen abweichenden M\u00f6glichkeiten m\u00fcssen mit der Schule individuell gekl\u00e4rt werden<\/li>\n<\/ul>\n<h5>Weitere Informationen zu Auslandsaufenthalten erhalten Sie hier:<\/h5>\n<ul>\n<li><a href=\"https:\/\/cvo.hamburg.de\/wp-content\/uploads\/sites\/31\/2026\/02\/Informationen-zu-Auslandsaufenthalten.pdf\">Informationen zu Auslandsaufenthalten<\/a>( Stand 8\/2024)<\/li>\n<li><a href=\"https:\/\/cvo.hamburg.de\/wp-content\/uploads\/sites\/31\/2026\/02\/Auslandsantrag.pdf\">Auslandsantrag<\/a> (Stand 1\/2026)<\/li>\n<li><a href=\"https:\/\/cvo.hamburg.de\/wp-content\/uploads\/sites\/31\/2014\/05\/Richtlinie_zur_Foerderung.pdf\">Richtlinie zur F\u00f6rderung von Auslandsaufenthalten<\/a><\/li>\n<li><a href=\"https:\/\/cvo.hamburg.de\/wp-content\/uploads\/sites\/31\/2014\/05\/Antrag_auf_Foerderung.pdf\">Antrag auf F\u00f6rderung des Auslandsaufenthaltes&nbsp;<\/a><\/li>\n<li><a href=\"https:\/\/cvo.hamburg.de\/wp-content\/uploads\/sites\/31\/2014\/05\/Antrag_auf_Foerderung2.pdf\">Antrag auf F\u00f6rderung des Auslandsaufenthaltes II&nbsp;<\/a><\/li>\n<\/ul>\n<p>&nbsp;<\/p>\n","protected":false},"excerpt":{"rendered":"<p>Sportreisen Das CvO hat sich dazu entschlossen, in der Mittelstufe zwei Sportreisen anzubieten, die die fehlende dritte Sportstunde kompensieren. Diese Organisationsweise erm\u00f6glicht es, auch Sportarten anzubieten, die im Rahmen des Schulsportunterrichts nicht angeboten werden&#46;&#46;&#46;<\/p>\n","protected":false},"author":44,"featured_media":0,"parent":0,"menu_order":0,"comment_status":"closed","ping_status":"closed","template":"","meta":{"_acf_changed":false,"footnotes":""},"class_list":["post-147","page","type-page","status-publish","hentry"],"acf":[],"_links":{"self":[{"href":"https:\/\/cvo.hamburg.de\/index.php?rest_route=\/wp\/v2\/pages\/147","targetHints":{"allow":["GET"]}}],"collection":[{"href":"https:\/\/cvo.hamburg.de\/index.php?rest_route=\/wp\/v2\/pages"}],"about":[{"href":"https:\/\/cvo.hamburg.de\/index.php?rest_route=\/wp\/v2\/types\/page"}],"author":[{"embeddable":true,"href":"https:\/\/cvo.hamburg.de\/index.php?rest_route=\/wp\/v2\/users\/44"}],"replies":[{"embeddable":true,"href":"https:\/\/cvo.hamburg.de\/index.php?rest_route=%2Fwp%2Fv2%2Fcomments&post=147"}],"version-history":[{"count":9,"href":"https:\/\/cvo.hamburg.de\/index.php?rest_route=\/wp\/v2\/pages\/147\/revisions"}],"predecessor-version":[{"id":10826,"href":"https:\/\/cvo.hamburg.de\/index.php?rest_route=\/wp\/v2\/pages\/147\/revisions\/10826"}],"wp:attachment":[{"href":"https:\/\/cvo.hamburg.de\/index.php?rest_route=%2Fwp%2Fv2%2Fmedia&parent=147"}],"curies":[{"name":"wp","href":"https:\/\/api.w.org\/{rel}","templated":true}]}}