{"id":141,"date":"2014-05-05T14:16:28","date_gmt":"2014-05-05T12:16:28","guid":{"rendered":"https:\/\/carlvossietzky.dev-schulhomepages.hamburg.de\/?page_id=141"},"modified":"2024-08-26T09:38:19","modified_gmt":"2024-08-26T07:38:19","slug":"mittlerer-bildungsabschluss-klasse-10","status":"publish","type":"page","link":"https:\/\/cvo.hamburg.de\/?page_id=141","title":{"rendered":"Mittlerer Bildungsabschluss (Klasse 10)"},"content":{"rendered":"<p>Der mittlere Bildungsabschluss (MSA) kann an Gymnasien auf zwei Arten erreicht werden:<\/p>\n<ol>\n<li>Durch ein versetzungsf\u00e4higes Zeugnis in die Oberstufe<\/li>\n<li>Durch die Teilnahme an der MSA-Pr\u00fcfung, wenn die Versetzung in die Oberstufe gef\u00e4hrdet ist (Prognose im Halbjahreszeugnis 10) und durch eine Umrechnung der Zeugnisnoten am Ende der 10. Klasse<br \/>\n<em>\u2192 Wer die Pr\u00fcfung zum MSA schuldhaft vers\u00e4umt oder auf Grund von unentschuldigtem Fehlen in&nbsp;einem der zu pr\u00fcfenden F\u00e4cher am Ende des Schuljahres nicht bewertet werden kann, erh\u00e4lt kein Wiederholungsrecht und keinen Schulabschluss, wenn er nicht in die Oberstufe versetzt wird.<\/em><\/li>\n<\/ol>\n<p>Ma\u00dfgeblich f\u00fcr die Erteilung des mittleren Bildungsabschlusses ist das Zeugnis der 10. Klasse. Hier werden die erreichten Noten nach einem festgelegten Schl\u00fcssel auf den mittleren Abschluss umgerechnet. Die Gymnasialnoten verbessern sich dort um eine Note (Ausnahme: &nbsp;Note 6 wird nicht umgerechnet), sodass ein\/e Sch\u00fcler*in zwar den mittleren Abschluss erreichen kann, jedoch nicht die Berechtigung zum \u00dcbertritt in die Oberstufe. <em><strong>Hierf\u00fcr ist aber die Teilnahme an der MSA-Pr\u00fcfung unabdingbar. Ohne diese Pr\u00fcfung haben Sch\u00fcler*innen mit einem nicht versetzungsf\u00e4higen Zeugnis keinen MSA<\/strong><\/em>. Die zweite Fremdsprache ist f\u00fcr den mittleren Bildungsabschluss nicht relevant.<\/p>\n","protected":false},"excerpt":{"rendered":"<p>Der mittlere Bildungsabschluss (MSA) kann an Gymnasien auf zwei Arten erreicht werden: Durch ein versetzungsf\u00e4higes Zeugnis in die Oberstufe Durch die Teilnahme an der MSA-Pr\u00fcfung, wenn die Versetzung in die Oberstufe gef\u00e4hrdet ist (Prognose&#46;&#46;&#46;<\/p>\n","protected":false},"author":44,"featured_media":0,"parent":0,"menu_order":0,"comment_status":"closed","ping_status":"closed","template":"","meta":{"_acf_changed":false,"footnotes":""},"class_list":["post-141","page","type-page","status-publish","hentry"],"acf":[],"_links":{"self":[{"href":"https:\/\/cvo.hamburg.de\/index.php?rest_route=\/wp\/v2\/pages\/141","targetHints":{"allow":["GET"]}}],"collection":[{"href":"https:\/\/cvo.hamburg.de\/index.php?rest_route=\/wp\/v2\/pages"}],"about":[{"href":"https:\/\/cvo.hamburg.de\/index.php?rest_route=\/wp\/v2\/types\/page"}],"author":[{"embeddable":true,"href":"https:\/\/cvo.hamburg.de\/index.php?rest_route=\/wp\/v2\/users\/44"}],"replies":[{"embeddable":true,"href":"https:\/\/cvo.hamburg.de\/index.php?rest_route=%2Fwp%2Fv2%2Fcomments&post=141"}],"version-history":[{"count":3,"href":"https:\/\/cvo.hamburg.de\/index.php?rest_route=\/wp\/v2\/pages\/141\/revisions"}],"predecessor-version":[{"id":9463,"href":"https:\/\/cvo.hamburg.de\/index.php?rest_route=\/wp\/v2\/pages\/141\/revisions\/9463"}],"wp:attachment":[{"href":"https:\/\/cvo.hamburg.de\/index.php?rest_route=%2Fwp%2Fv2%2Fmedia&parent=141"}],"curies":[{"name":"wp","href":"https:\/\/api.w.org\/{rel}","templated":true}]}}