{"id":139,"date":"2014-05-05T14:15:56","date_gmt":"2014-05-05T13:15:56","guid":{"rendered":"https:\/\/carlvossietzky.dev-schulhomepages.hamburg.de\/?page_id=139"},"modified":"2021-11-18T15:11:15","modified_gmt":"2021-11-18T14:11:15","slug":"konzept-methodenlernen-2","status":"publish","type":"page","link":"https:\/\/cvo.hamburg.de\/?page_id=139","title":{"rendered":"Methodenlernen in der Mittelstufe"},"content":{"rendered":"<p><strong>Ziele:<\/strong><\/p>\n<ul>\n<li>Systematische Entwicklung von Lernkompetenz, die bei den Sch\u00fcler*innen zu eigenverantwortlichem, selbstst\u00e4ndigem, und selbstt\u00e4tigem Lernen f\u00fchren soll.<\/li>\n<li>Aneignen von Methoden, die sie in die Lage versetzen, Lernprozesse effizient zu planen, zu gestalten und zu kontrollieren.<\/li>\n<li>Inhalte selbstst\u00e4ndig erschlie\u00dfen, Probleme bearbeiten und Erarbeitetes pr\u00e4sentieren.<\/li>\n<li>Zusammenarbeit mit dem Partner oder in Gruppen zur F\u00f6rderung von Kommunikations- und Kooperationsf\u00e4higkeit (Teamf\u00e4higkeit).<\/li>\n<\/ul>\n<p><strong>Methodenauswahl:<\/strong><\/p>\n<ul>\n<li>Recherche (im Netz, in Bibliotheken, in Zeitschriften, vor Ort)<\/li>\n<li>Textbearbeitung (Markieren, Strukturieren, Exzerpieren) Nachschlagen<\/li>\n<li>Notiztechnik (Gliedern\/ Ordnen, Mindmapping, Clustern)<\/li>\n<li>Visualisieren, Darstellen<\/li>\n<li>Protokoll, Referat, Pr\u00e4sentation<\/li>\n<li>Gespr\u00e4chsleitung, Rhetorik<\/li>\n<li>Verschiedene Formen des kooperativen Lernens wie z.B. Gruppenpuzzle, Denken-Austauschen-Besprechen u.a.<\/li>\n<\/ul>\n","protected":false},"excerpt":{"rendered":"<p>Ziele: Systematische Entwicklung von Lernkompetenz, die bei den Sch\u00fcler*innen zu eigenverantwortlichem, selbstst\u00e4ndigem, und selbstt\u00e4tigem Lernen f\u00fchren soll. Aneignen von Methoden, die sie in die Lage versetzen, Lernprozesse effizient zu planen, zu gestalten und zu&#46;&#46;&#46;<\/p>\n","protected":false},"author":44,"featured_media":0,"parent":0,"menu_order":0,"comment_status":"closed","ping_status":"closed","template":"","meta":{"_acf_changed":false,"footnotes":""},"class_list":["post-139","page","type-page","status-publish","hentry"],"acf":[],"_links":{"self":[{"href":"https:\/\/cvo.hamburg.de\/index.php?rest_route=\/wp\/v2\/pages\/139","targetHints":{"allow":["GET"]}}],"collection":[{"href":"https:\/\/cvo.hamburg.de\/index.php?rest_route=\/wp\/v2\/pages"}],"about":[{"href":"https:\/\/cvo.hamburg.de\/index.php?rest_route=\/wp\/v2\/types\/page"}],"author":[{"embeddable":true,"href":"https:\/\/cvo.hamburg.de\/index.php?rest_route=\/wp\/v2\/users\/44"}],"replies":[{"embeddable":true,"href":"https:\/\/cvo.hamburg.de\/index.php?rest_route=%2Fwp%2Fv2%2Fcomments&post=139"}],"version-history":[{"count":2,"href":"https:\/\/cvo.hamburg.de\/index.php?rest_route=\/wp\/v2\/pages\/139\/revisions"}],"predecessor-version":[{"id":5999,"href":"https:\/\/cvo.hamburg.de\/index.php?rest_route=\/wp\/v2\/pages\/139\/revisions\/5999"}],"wp:attachment":[{"href":"https:\/\/cvo.hamburg.de\/index.php?rest_route=%2Fwp%2Fv2%2Fmedia&parent=139"}],"curies":[{"name":"wp","href":"https:\/\/api.w.org\/{rel}","templated":true}]}}