{"id":137,"date":"2014-05-05T14:15:29","date_gmt":"2014-05-05T13:15:29","guid":{"rendered":"https:\/\/carlvossietzky.dev-schulhomepages.hamburg.de\/?page_id=137"},"modified":"2024-11-29T12:19:20","modified_gmt":"2024-11-29T11:19:20","slug":"forscherkurse","status":"publish","type":"page","link":"https:\/\/cvo.hamburg.de\/?page_id=137","title":{"rendered":"Forscherkurse"},"content":{"rendered":"<p><a href=\"https:\/\/cvo.hamburg.de\/wp-content\/uploads\/sites\/31\/2018\/02\/SAB4155.jpg\" data-rel=\"lightbox\" data-rl_title=\"\" data-rl_caption=\"\" title=\"\"><img loading=\"lazy\" decoding=\"async\" class=\"wp-image-3120 alignright\" src=\"https:\/\/cvo.hamburg.de\/wp-content\/uploads\/sites\/31\/2018\/02\/SAB4155-1024x681.jpg\" alt=\"\" width=\"548\" height=\"364\" srcset=\"https:\/\/cvo.hamburg.de\/wp-content\/uploads\/sites\/31\/2018\/02\/SAB4155-1024x681.jpg 1024w, https:\/\/cvo.hamburg.de\/wp-content\/uploads\/sites\/31\/2018\/02\/SAB4155-300x200.jpg 300w, https:\/\/cvo.hamburg.de\/wp-content\/uploads\/sites\/31\/2018\/02\/SAB4155-768x511.jpg 768w, https:\/\/cvo.hamburg.de\/wp-content\/uploads\/sites\/31\/2018\/02\/SAB4155.jpg 1500w\" sizes=\"auto, (max-width: 548px) 100vw, 548px\" \/><\/a><\/p>\n<p>Unsere Forscherkurse werden in Klasse 7 angeboten. Zur Unterst\u00fctzung und Entwicklung eines selbstst\u00e4ndigen Arbeitens, das neben Neugier auf Unbekanntes auch Geduld, Ausdauer und die Reflexion des eigenen Arbeitsprozesses verlangt, arbeiten die Sch\u00fcler*innen eigenst\u00e4ndig an einer Aufgabe oder einem Projekt zu einer festgelegten Fragestellung.<\/p>\n<p><strong>Inhalte<br \/>\n<\/strong>Die angebotenen Kurse sind einzelnen F\u00e4chern zugeordnet:<\/p>\n<ul>\n<li>PGW\/Geschichte, Geographie, Biologie, Chemie, Physik, Technik\/Informatik<\/li>\n<\/ul>\n<p><strong>Organisation der Kurse<br \/>\n<\/strong>Die Sch\u00fcler*innen w\u00e4hlen ihre Kurse f\u00fcr das kommende Schuljahr.&nbsp;Der zeitliche Umfang eines&nbsp;Kurs betr\u00e4gt 90 Minuten.&nbsp;Es wird eine Portfoliomappe angelegt, in der das Projekt dokumentiert und der Arbeitsprozess reflektiert wird.<\/p>\n","protected":false},"excerpt":{"rendered":"<p>Unsere Forscherkurse werden in Klasse 7 angeboten. Zur Unterst\u00fctzung und Entwicklung eines selbstst\u00e4ndigen Arbeitens, das neben Neugier auf Unbekanntes auch Geduld, Ausdauer und die Reflexion des eigenen Arbeitsprozesses verlangt, arbeiten die Sch\u00fcler*innen eigenst\u00e4ndig an&#46;&#46;&#46;<\/p>\n","protected":false},"author":44,"featured_media":0,"parent":0,"menu_order":0,"comment_status":"closed","ping_status":"closed","template":"","meta":{"_acf_changed":false,"footnotes":""},"class_list":["post-137","page","type-page","status-publish","hentry"],"acf":[],"_links":{"self":[{"href":"https:\/\/cvo.hamburg.de\/index.php?rest_route=\/wp\/v2\/pages\/137","targetHints":{"allow":["GET"]}}],"collection":[{"href":"https:\/\/cvo.hamburg.de\/index.php?rest_route=\/wp\/v2\/pages"}],"about":[{"href":"https:\/\/cvo.hamburg.de\/index.php?rest_route=\/wp\/v2\/types\/page"}],"author":[{"embeddable":true,"href":"https:\/\/cvo.hamburg.de\/index.php?rest_route=\/wp\/v2\/users\/44"}],"replies":[{"embeddable":true,"href":"https:\/\/cvo.hamburg.de\/index.php?rest_route=%2Fwp%2Fv2%2Fcomments&post=137"}],"version-history":[{"count":12,"href":"https:\/\/cvo.hamburg.de\/index.php?rest_route=\/wp\/v2\/pages\/137\/revisions"}],"predecessor-version":[{"id":9811,"href":"https:\/\/cvo.hamburg.de\/index.php?rest_route=\/wp\/v2\/pages\/137\/revisions\/9811"}],"wp:attachment":[{"href":"https:\/\/cvo.hamburg.de\/index.php?rest_route=%2Fwp%2Fv2%2Fmedia&parent=137"}],"curies":[{"name":"wp","href":"https:\/\/api.w.org\/{rel}","templated":true}]}}