{"id":133,"date":"2014-05-05T14:14:07","date_gmt":"2014-05-05T12:14:07","guid":{"rendered":"https:\/\/carlvossietzky.dev-schulhomepages.hamburg.de\/?page_id=133"},"modified":"2021-11-18T15:41:20","modified_gmt":"2021-11-18T14:41:20","slug":"3-fremdsprache","status":"publish","type":"page","link":"https:\/\/cvo.hamburg.de\/?page_id=133","title":{"rendered":"3. Fremdsprache"},"content":{"rendered":"<p>Eine dritte\u00a0Fremdsprache (Spanisch, Franz\u00f6sisch) kann in Klasse 8 unter Beibehaltung der zweiten\u00a0Fremdsprache aus Klasse 6 in der Forscherkursschiene gew\u00e4hlt werden.<\/p>\n<p style=\"padding-left: 30px\"><em>Die dritten Fremdsprachen k\u00f6nnen nur bei einer ausreichenden Zahl von Interessierten eingerichtet werden.<\/em><\/p>\n<ul>\n<li>Die Sprache wird im Gegensatz zu den Forscherkursen benotet.<\/li>\n<li>Die Sch\u00fcler*innen verpflichten sich mit der Wahl zur Belegung f\u00fcr die gesamte Mittelstufe.<\/li>\n<li>Die Sprache wird insgesamt 135 Minuten (1,5 Langstunden) in jeder Klassenstufe unterrichtet.<\/li>\n<li>In den Jahrg\u00e4ngen 8 und 9 kann kein Forscherkurs belegt werden.<\/li>\n<li>Sch\u00fcler*innen mit einer dritten Fremdsprache k\u00f6nnen in Klasse 10 keinen Wahlpflicht Kurs aus dem Bereich III w\u00e4hlen.<\/li>\n<\/ul>\n<p><strong>Allgemeine Regelungen zu den Fremdsprachen<\/strong><\/p>\n<ul>\n<li>Jede\/r Sch\u00fcler*in muss in der Oberstufe mindestens eine weitergef\u00fchrte Fremdsprache (aus Klassen 5 oder 6) belegen.<\/li>\n<li>Die in Klasse 6 aufgenommene zweite\u00a0Fremdsprache und die in Klasse 8 neu aufgenommene dritte\u00a0\u00a0Fremdsprache k\u00f6nnen erst am Ende der 10. Klasse abgew\u00e4hlt werden.<\/li>\n<li>Bei Abschluss von Latein am Ende von Klasse 10 mit mindestens der Note 4 wird das Latinum vergeben.<\/li>\n<\/ul>\n","protected":false},"excerpt":{"rendered":"<p>Eine dritte\u00a0Fremdsprache (Spanisch, Franz\u00f6sisch) kann in Klasse 8 unter Beibehaltung der zweiten\u00a0Fremdsprache aus Klasse 6 in der Forscherkursschiene gew\u00e4hlt werden. Die dritten Fremdsprachen k\u00f6nnen nur bei einer ausreichenden Zahl von Interessierten eingerichtet werden. Die&#46;&#46;&#46;<\/p>\n","protected":false},"author":44,"featured_media":0,"parent":0,"menu_order":0,"comment_status":"closed","ping_status":"closed","template":"","meta":{"_acf_changed":false,"footnotes":""},"class_list":["post-133","page","type-page","status-publish","hentry"],"acf":[],"_links":{"self":[{"href":"https:\/\/cvo.hamburg.de\/index.php?rest_route=\/wp\/v2\/pages\/133","targetHints":{"allow":["GET"]}}],"collection":[{"href":"https:\/\/cvo.hamburg.de\/index.php?rest_route=\/wp\/v2\/pages"}],"about":[{"href":"https:\/\/cvo.hamburg.de\/index.php?rest_route=\/wp\/v2\/types\/page"}],"author":[{"embeddable":true,"href":"https:\/\/cvo.hamburg.de\/index.php?rest_route=\/wp\/v2\/users\/44"}],"replies":[{"embeddable":true,"href":"https:\/\/cvo.hamburg.de\/index.php?rest_route=%2Fwp%2Fv2%2Fcomments&post=133"}],"version-history":[{"count":2,"href":"https:\/\/cvo.hamburg.de\/index.php?rest_route=\/wp\/v2\/pages\/133\/revisions"}],"predecessor-version":[{"id":6009,"href":"https:\/\/cvo.hamburg.de\/index.php?rest_route=\/wp\/v2\/pages\/133\/revisions\/6009"}],"wp:attachment":[{"href":"https:\/\/cvo.hamburg.de\/index.php?rest_route=%2Fwp%2Fv2%2Fmedia&parent=133"}],"curies":[{"name":"wp","href":"https:\/\/api.w.org\/{rel}","templated":true}]}}