{"id":131,"date":"2014-05-05T14:08:09","date_gmt":"2014-05-05T12:08:09","guid":{"rendered":"https:\/\/carlvossietzky.dev-schulhomepages.hamburg.de\/?page_id=131"},"modified":"2019-01-29T13:06:25","modified_gmt":"2019-01-29T12:06:25","slug":"zentrale-tests","status":"publish","type":"page","link":"https:\/\/cvo.hamburg.de\/?page_id=131","title":{"rendered":"Zentrale Nachschreibarbeiten und Tests in der Unterstufe"},"content":{"rendered":"<p><span style=\"color: #dc9128\">Nachschreibarbeiten<br \/>\n<\/span>Am CvO\u00a0\u00a0haben wir einen regelm\u00e4\u00dfigen zentralen Nachschreibtermin f\u00fcr vers\u00e4umte Klassenarbeiten eingef\u00fchrt. Dadurch erreichen wir\u00a0eine verl\u00e4ssliche Planbarkeit f\u00fcr alle (Sch\u00fcler, Lehrer, Eltern) und eine\u00a0Entlastung der Sch\u00fcler und Lehrer in Bezug auf Individuall\u00f6sungen. Zudem lassen sich so\u00a0mehrere Nachschreibarbeiten zu einem Zentraltermin am Halbjahresende vermeiden und der\u00a0Unterrichtsstoff kann zeitnah nachgeschrieben werden.<\/p>\n<p style=\"padding-left: 30px\"><strong>Die Nachschreibtermine finden regelm\u00e4\u00dfig freitags in 4a\/b (ab 13.55 Uhr) \u00a0statt. Die Teilnahme erfolgt nach pers\u00f6nlicher Absprache zwischen Lehrer und Sch\u00fcler.<\/strong><\/p>\n<p><span style=\"color: #dc9128\"><strong>KERMIT (Kompetenzermittlung)<br \/>\n<\/strong><\/span>Seit 2012 nehmen alle weiterf\u00fchrenden Schulen in den Jahrg\u00e4ngen 2, 3, 5, 7, 8 und 9 verbindlich an KERMIT teil.<\/p>\n<p><strong><em>KERMIT 5<\/em><br \/>\n<\/strong>Zu Beginn von Klasse 5 werden die Sch\u00fcler in Deutsch (Leseverstehen), Mathematik, Naturwissenschaft und Englisch (H\u00f6rverstehen) getestet. Die Ergebnisse geben Anhaltspunkte \u00fcber den Lernstand des einzelnen Kindes, der Klasse sowie des Gesamtjahrgangs nach vier Jahren Grundschulzeit.<\/p>\n<p><em><strong>KERMIT 7<\/strong><\/em><br \/>\nZu Beginn der 7. Klasse wird in Deutsch (Rechtschreibung und Leseverstehen), Mathematik, Naturwissenschaft und in Englisch getestet. Wie auch in Jahrgang 5 geben die Ergebnisse Anhaltspunkte \u00fcber den Lernstand des einzelnen Kindes, einer Klasse sowie des gesamten Jahrganges. Au\u00dferdem wird die jeweilige Lernentwicklung seit der letzten KERMIT Testung dargestellt.<\/p>\n","protected":false},"excerpt":{"rendered":"<p>Nachschreibarbeiten Am CvO\u00a0\u00a0haben wir einen regelm\u00e4\u00dfigen zentralen Nachschreibtermin f\u00fcr vers\u00e4umte Klassenarbeiten eingef\u00fchrt. Dadurch erreichen wir\u00a0eine verl\u00e4ssliche Planbarkeit f\u00fcr alle (Sch\u00fcler, Lehrer, Eltern) und eine\u00a0Entlastung der Sch\u00fcler und Lehrer in Bezug auf Individuall\u00f6sungen. Zudem lassen&#46;&#46;&#46;<\/p>\n","protected":false},"author":44,"featured_media":0,"parent":0,"menu_order":0,"comment_status":"closed","ping_status":"closed","template":"","meta":{"_acf_changed":false,"footnotes":""},"class_list":["post-131","page","type-page","status-publish","hentry"],"acf":[],"_links":{"self":[{"href":"https:\/\/cvo.hamburg.de\/index.php?rest_route=\/wp\/v2\/pages\/131","targetHints":{"allow":["GET"]}}],"collection":[{"href":"https:\/\/cvo.hamburg.de\/index.php?rest_route=\/wp\/v2\/pages"}],"about":[{"href":"https:\/\/cvo.hamburg.de\/index.php?rest_route=\/wp\/v2\/types\/page"}],"author":[{"embeddable":true,"href":"https:\/\/cvo.hamburg.de\/index.php?rest_route=\/wp\/v2\/users\/44"}],"replies":[{"embeddable":true,"href":"https:\/\/cvo.hamburg.de\/index.php?rest_route=%2Fwp%2Fv2%2Fcomments&post=131"}],"version-history":[{"count":1,"href":"https:\/\/cvo.hamburg.de\/index.php?rest_route=\/wp\/v2\/pages\/131\/revisions"}],"predecessor-version":[{"id":2555,"href":"https:\/\/cvo.hamburg.de\/index.php?rest_route=\/wp\/v2\/pages\/131\/revisions\/2555"}],"wp:attachment":[{"href":"https:\/\/cvo.hamburg.de\/index.php?rest_route=%2Fwp%2Fv2%2Fmedia&parent=131"}],"curies":[{"name":"wp","href":"https:\/\/api.w.org\/{rel}","templated":true}]}}