{"id":123,"date":"2014-05-05T14:05:51","date_gmt":"2014-05-05T13:05:51","guid":{"rendered":"https:\/\/carlvossietzky.dev-schulhomepages.hamburg.de\/?page_id=123"},"modified":"2019-01-29T13:10:10","modified_gmt":"2019-01-29T12:10:10","slug":"uebergang-in-die-mittelstufe","status":"publish","type":"page","link":"https:\/\/cvo.hamburg.de\/?page_id=123","title":{"rendered":"\u00dcbergang in die Mittelstufe"},"content":{"rendered":"<p>Bereits beim zentralen Elternabend zu Beginn des 2. Halbjahres in Klasse 7 erhalten die Eltern Informationen zu den Besonderheiten der Mittelstufe am CvO. Dies betrifft u.a. Klassenfahrten, Wahlpflichtkurse, neue Unterrichtsf\u00e4cher, zentrale \u00dcberpr\u00fcfungen, Abschlusspr\u00fcfungen, Auslandsaufenthalte u.v.m. (siehe auch Informationen zur Mittelstufe). Die Sch\u00fcler werden von ihren Klassenlehrern sowie auf zentralen Veranstaltungen \u00fcber die Mittelstufe informiert.<\/p>\n<p>Die Klassenverb\u00e4nde bleiben am CvO von der 5. bis zur 10. Klasse bestehen. Ab der 8. Klasse bekommt jede Klasse \u00a0neue Klassenlehrer. \u00a0Auch viele Fachlehrer wechseln zu diesem Zeitpunkt. Die mittlerweile jugendlichen Sch\u00fcler starten in die gymnasiale Mittelstufe.<\/p>\n","protected":false},"excerpt":{"rendered":"<p>Bereits beim zentralen Elternabend zu Beginn des 2. Halbjahres in Klasse 7 erhalten die Eltern Informationen zu den Besonderheiten der Mittelstufe am CvO. Dies betrifft u.a. Klassenfahrten, Wahlpflichtkurse, neue Unterrichtsf\u00e4cher, zentrale \u00dcberpr\u00fcfungen, Abschlusspr\u00fcfungen, Auslandsaufenthalte&#46;&#46;&#46;<\/p>\n","protected":false},"author":44,"featured_media":0,"parent":0,"menu_order":0,"comment_status":"closed","ping_status":"closed","template":"","meta":{"_acf_changed":false,"footnotes":""},"class_list":["post-123","page","type-page","status-publish","hentry"],"acf":[],"_links":{"self":[{"href":"https:\/\/cvo.hamburg.de\/index.php?rest_route=\/wp\/v2\/pages\/123","targetHints":{"allow":["GET"]}}],"collection":[{"href":"https:\/\/cvo.hamburg.de\/index.php?rest_route=\/wp\/v2\/pages"}],"about":[{"href":"https:\/\/cvo.hamburg.de\/index.php?rest_route=\/wp\/v2\/types\/page"}],"author":[{"embeddable":true,"href":"https:\/\/cvo.hamburg.de\/index.php?rest_route=\/wp\/v2\/users\/44"}],"replies":[{"embeddable":true,"href":"https:\/\/cvo.hamburg.de\/index.php?rest_route=%2Fwp%2Fv2%2Fcomments&post=123"}],"version-history":[{"count":1,"href":"https:\/\/cvo.hamburg.de\/index.php?rest_route=\/wp\/v2\/pages\/123\/revisions"}],"predecessor-version":[{"id":2557,"href":"https:\/\/cvo.hamburg.de\/index.php?rest_route=\/wp\/v2\/pages\/123\/revisions\/2557"}],"wp:attachment":[{"href":"https:\/\/cvo.hamburg.de\/index.php?rest_route=%2Fwp%2Fv2%2Fmedia&parent=123"}],"curies":[{"name":"wp","href":"https:\/\/api.w.org\/{rel}","templated":true}]}}