{"id":119,"date":"2014-05-05T14:02:54","date_gmt":"2014-05-05T13:02:54","guid":{"rendered":"https:\/\/carlvossietzky.dev-schulhomepages.hamburg.de\/?page_id=119"},"modified":"2019-01-29T13:02:40","modified_gmt":"2019-01-29T12:02:40","slug":"konzept-methodenlernen","status":"publish","type":"page","link":"https:\/\/cvo.hamburg.de\/?page_id=119","title":{"rendered":"Methodenlernen in der Unterstufe"},"content":{"rendered":"<p>Wir sind davon \u00fcberzeugt, dass Sch\u00fcler alleine, zu zweit wie auch im Team arbeiten k\u00f6nnen sollen. Seit 2003 gibt es daher das CvO-Methodencurriculum, das seitdem regelm\u00e4\u00dfig weiter entwickelt wird und als ein Schwerpunkt in unsere Ziel- und Leistungsvereinbarungen aufgenommen wurde. Im Methodencurriculum ist u.a. festgelegt, in welchem Jahrgang welche Arbeitstechniken und kooperative Lernformen eingef\u00fchrt werden. Eine \u00dcbersicht wird jeweils zu Beginn des Schulhalbjahres verteilt.<\/p>\n<p>Das Methodenlernen am CvO verfolgt langfristig folgende Ziele:<\/p>\n<ul>\n<li>Systematische Entwicklung von Lernkompetenz, die bei den Sch\u00fclern zu eigenverantwortlichem, selbstst\u00e4ndigem und selbstt\u00e4tigem Lernen f\u00fchren soll<\/li>\n<li>Aneignen von Methoden, die in die Lage versetzen, Lernprozesse effizient zu planen, zu gestalten und zu kontrollieren,<\/li>\n<li>Inhalte selbstst\u00e4ndig zu erschlie\u00dfen, Probleme zu bearbeiten und Erarbeitetes zu pr\u00e4sentieren,<\/li>\n<li>Zusammenarbeit mit dem Partner oder in Gruppen zur F\u00f6rderung der Kommunikations- und Kooperationsf\u00e4higkeit (Teamf\u00e4higkeit).<\/li>\n<\/ul>\n<p><strong><br \/>\nLernen kann man lernen<br \/>\n<\/strong>In der Klassenlehrerstunde (KLS) zu Beginn der 5. Klasse arbeiten die Sch\u00fcler zum Thema \u201eLernen kann man lernen\u201cund verfestigen bzw. erweitern Arbeitstechniken, Ordnungsprinzipien und Lernstrategien. Die Sch\u00fcler erhalten unser Heft \u201eLernen kann man lernen\u201c, mit dem sie auch zu Hause \u00fcben oder Vergessenes nachlesen k\u00f6nnen. Das Thema \u201eVokabeln lernen\u201c wird gesondert im Englischunterricht besprochen und ge\u00fcbt.<\/p>\n<p>&nbsp;<\/p>\n","protected":false},"excerpt":{"rendered":"<p>Wir sind davon \u00fcberzeugt, dass Sch\u00fcler alleine, zu zweit wie auch im Team arbeiten k\u00f6nnen sollen. Seit 2003 gibt es daher das CvO-Methodencurriculum, das seitdem regelm\u00e4\u00dfig weiter entwickelt wird und als ein Schwerpunkt in&#46;&#46;&#46;<\/p>\n","protected":false},"author":44,"featured_media":0,"parent":0,"menu_order":0,"comment_status":"closed","ping_status":"closed","template":"","meta":{"_acf_changed":false,"footnotes":""},"class_list":["post-119","page","type-page","status-publish","hentry"],"acf":[],"_links":{"self":[{"href":"https:\/\/cvo.hamburg.de\/index.php?rest_route=\/wp\/v2\/pages\/119","targetHints":{"allow":["GET"]}}],"collection":[{"href":"https:\/\/cvo.hamburg.de\/index.php?rest_route=\/wp\/v2\/pages"}],"about":[{"href":"https:\/\/cvo.hamburg.de\/index.php?rest_route=\/wp\/v2\/types\/page"}],"author":[{"embeddable":true,"href":"https:\/\/cvo.hamburg.de\/index.php?rest_route=\/wp\/v2\/users\/44"}],"replies":[{"embeddable":true,"href":"https:\/\/cvo.hamburg.de\/index.php?rest_route=%2Fwp%2Fv2%2Fcomments&post=119"}],"version-history":[{"count":1,"href":"https:\/\/cvo.hamburg.de\/index.php?rest_route=\/wp\/v2\/pages\/119\/revisions"}],"predecessor-version":[{"id":2676,"href":"https:\/\/cvo.hamburg.de\/index.php?rest_route=\/wp\/v2\/pages\/119\/revisions\/2676"}],"wp:attachment":[{"href":"https:\/\/cvo.hamburg.de\/index.php?rest_route=%2Fwp%2Fv2%2Fmedia&parent=119"}],"curies":[{"name":"wp","href":"https:\/\/api.w.org\/{rel}","templated":true}]}}