{"id":117,"date":"2014-05-05T14:02:03","date_gmt":"2014-05-05T13:02:03","guid":{"rendered":"https:\/\/carlvossietzky.dev-schulhomepages.hamburg.de\/?page_id=117"},"modified":"2024-11-29T10:20:37","modified_gmt":"2024-11-29T09:20:37","slug":"foerdern-und-fordern","status":"publish","type":"page","link":"https:\/\/cvo.hamburg.de\/?page_id=117","title":{"rendered":"F\u00f6rdern und Fordern"},"content":{"rendered":"<p>Das Konzept des Forschenden Lernens zieht sich am CvO von den Trainings- und Forscherzeiten (TuF) der Unterstufe \u00fcber die Forscherkurse der Mittelstufe bis zur \u201eFacharbeit\u201c in der Oberstufe durch. Kurse zur F\u00f6rderung (\u201eTrainingskurse\u201c) werden in allen Jahrg\u00e4ngen additiv von Lehrern, Studenten oder \u00e4lteren Sch\u00fclern angeboten.<\/p>\n<p><strong>Trainings- und Forscherzeit (TuF) in Jg. 5 und 6<br \/>\n<\/strong>In den Klassen 5 und 6 findet eine individuelle F\u00f6rderung bzw. Forderung innerhalb der Trainings- und Forscherzeit (TuF) statt. Die F\u00e4cher Deutsch und Mathematik (in Klasse 5) sowie Deutsch und Englisch (in Klasse 6) sind w\u00e4hrend der TuF-Zeiten mit zwei Lehrern besetzt. Es arbeiten Gruppen mit ca. 14 Sch\u00fclern im Klassen- bzw. Differenzierungsraum. Bestimmte Themen wie Rechtschreibung oder die Grundrechenarten werden in einem Eingangstest \u00fcberpr\u00fcft. Anschlie\u00dfend trainieren einige Sch\u00fcler in den TuF-Zeiten die Inhalte, die sie noch nicht sicher beherrschen. Andere Sch\u00fcler erhalten nach Absprache kleine Forscherauftr\u00e4ge, wie z.B. das Schreiben eines M\u00e4rchens oder die Fragestellung, wie viele Fu\u00dfb\u00e4lle auf die Rasenfl\u00e4che eines Fu\u00dfballstadions passen.<\/p>\n<p><strong>Trainingskurse (ab Jg. 6)<br \/>\n<\/strong>Ab der 6. Klasse unterst\u00fctzen wir au\u00dferdem die Sch\u00fcler, bei denen in einem Hauptfach noch gr\u00f6\u00dfere L\u00fccken oder schw\u00e4chere Leistungen sichtbar werden, die die Versetzung in die Klasse 7 des Gymnasiums gef\u00e4hrden k\u00f6nnten. Zus\u00e4tzlich zum Regelunterricht besuchen Sch\u00fcler, die eine 4- (oder schriftlich 5) in einem Hauptfach am Ende der 5. Klasse haben, einen Trainingskurs in dem entsprechenden Fach in der 6. Klasse. Die Teilnahme an einem Trainingskurs wird bei den Zeugniskonferenzen, also in jedem Halbjahr neu, entschieden. Die Trainingskurse werden am CvO bis in die Oberstufe hinein angeboten (siehe Informationen zur Mittelstufe). Zur \u00fcberfachlichen Unterst\u00fctzung einzelner Sch\u00fcler bieten wir seit diesem Schuljahr individuelles Lerncoaching an.<\/p>\n<p><strong>Forscherkurs-Wahlen (f\u00fcr Jg. 7)<br \/>\n<\/strong>In Jahrgang 7 werden Forscherkurse angeboten.. Zur Unterst\u00fctzung und Entwicklung eines selbstst\u00e4ndigen Arbeitens, das neben Neugier auf Unbekanntes auch Geduld, Ausdauer und die Reflexion des eigenen Arbeitsprozesses verlangt, arbeiten die Sch\u00fcler selbstst\u00e4ndig an einer Aufgabe oder einem Projekt zu einer festgelegten Fragestellung. Die angebotenen Kurse sind &#8211; nach Jahrg\u00e4ngen unterschiedlich &#8211; einzelnen F\u00e4chern zugeordnet. F\u00fcr Klasse 7 sind dies: Englisch, 2. Fremdsprache, Geschichte, Geographie, Biologie, Physik und Chemie.<\/p>\n<div class=\"page\" title=\"Page 11\">\n<div class=\"layoutArea\">\n<div class=\"column\">\n<p>Damit die Sch\u00fcler ohne Zensurendruck forschen und sich ausprobieren k\u00f6nnen, werden die Kurse nicht benotet (Ausnahme: 3. Fremdsprache ab Klasse 8). Stattdessen gibt es im Zeugnis einen individuellen Teilnahmenachweis. Der bewertungsfreie Raum soll selbstst\u00e4ndiges und freies Arbeiten unterst\u00fctzen.<\/p>\n<p><img loading=\"lazy\" decoding=\"async\" class=\"alignnone wp-image-9805\" src=\"https:\/\/cvo.hamburg.de\/wp-content\/uploads\/sites\/31\/2024\/11\/Bildschirmfoto-2024-11-29-um-10.18.34.png\" alt=\"\" width=\"578\" height=\"451\" srcset=\"https:\/\/cvo.hamburg.de\/wp-content\/uploads\/sites\/31\/2024\/11\/Bildschirmfoto-2024-11-29-um-10.18.34.png 878w, https:\/\/cvo.hamburg.de\/wp-content\/uploads\/sites\/31\/2024\/11\/Bildschirmfoto-2024-11-29-um-10.18.34-300x234.png 300w, https:\/\/cvo.hamburg.de\/wp-content\/uploads\/sites\/31\/2024\/11\/Bildschirmfoto-2024-11-29-um-10.18.34-768x600.png 768w\" sizes=\"auto, (max-width: 578px) 100vw, 578px\" \/><\/p>\n<p>&nbsp;<\/p>\n<\/div>\n<\/div>\n<\/div>\n","protected":false},"excerpt":{"rendered":"<p>Das Konzept des Forschenden Lernens zieht sich am CvO von den Trainings- und Forscherzeiten (TuF) der Unterstufe \u00fcber die Forscherkurse der Mittelstufe bis zur \u201eFacharbeit\u201c in der Oberstufe durch. Kurse zur F\u00f6rderung (\u201eTrainingskurse\u201c) werden&#46;&#46;&#46;<\/p>\n","protected":false},"author":44,"featured_media":0,"parent":0,"menu_order":0,"comment_status":"closed","ping_status":"closed","template":"","meta":{"_acf_changed":false,"footnotes":""},"class_list":["post-117","page","type-page","status-publish","hentry"],"acf":[],"_links":{"self":[{"href":"https:\/\/cvo.hamburg.de\/index.php?rest_route=\/wp\/v2\/pages\/117","targetHints":{"allow":["GET"]}}],"collection":[{"href":"https:\/\/cvo.hamburg.de\/index.php?rest_route=\/wp\/v2\/pages"}],"about":[{"href":"https:\/\/cvo.hamburg.de\/index.php?rest_route=\/wp\/v2\/types\/page"}],"author":[{"embeddable":true,"href":"https:\/\/cvo.hamburg.de\/index.php?rest_route=\/wp\/v2\/users\/44"}],"replies":[{"embeddable":true,"href":"https:\/\/cvo.hamburg.de\/index.php?rest_route=%2Fwp%2Fv2%2Fcomments&post=117"}],"version-history":[{"count":4,"href":"https:\/\/cvo.hamburg.de\/index.php?rest_route=\/wp\/v2\/pages\/117\/revisions"}],"predecessor-version":[{"id":9807,"href":"https:\/\/cvo.hamburg.de\/index.php?rest_route=\/wp\/v2\/pages\/117\/revisions\/9807"}],"wp:attachment":[{"href":"https:\/\/cvo.hamburg.de\/index.php?rest_route=%2Fwp%2Fv2%2Fmedia&parent=117"}],"curies":[{"name":"wp","href":"https:\/\/api.w.org\/{rel}","templated":true}]}}