{"id":115,"date":"2014-05-05T14:01:17","date_gmt":"2014-05-05T12:01:17","guid":{"rendered":"https:\/\/carlvossietzky.dev-schulhomepages.hamburg.de\/?page_id=115"},"modified":"2025-04-23T15:55:09","modified_gmt":"2025-04-23T13:55:09","slug":"sanfter-einstieg","status":"publish","type":"page","link":"https:\/\/cvo.hamburg.de\/?page_id=115","title":{"rendered":"Sanfter Einstieg"},"content":{"rendered":"<p>Der \u00dcbergang von der Grundschule zum Gymnasium ist ein gro\u00dfer Schritt f\u00fcr die Sch\u00fcler. Waren sie noch bis vor kurzem die Gr\u00f6\u00dften an ihrer Grundschule und kannten alles und jeden, fangen sie jetzt ganz neu an: Neues und gr\u00f6\u00dferes Schulgeb\u00e4ude, neue Mitsch\u00fcler, oft l\u00e4ngerer Schulweg, viele neue Lehrer und F\u00e4cher, h\u00f6heres Arbeitstempo usw. Das CvO unterst\u00fctzt die Kinder bei diesem gro\u00dfen Schritt und startet langsam und sch\u00fclerorientiert. Wir wissen, dass Kinder unterschiedlich lange Eingew\u00f6hnungszeiten ben\u00f6tigen und nehmen darauf R\u00fccksicht!<\/p>\n<p><strong>Beratungsangebote f\u00fcr Eltern von Viertkl\u00e4sslern<\/strong><br \/>\nAb November erhalten Eltern der Viertkl\u00e4ssler in den Lernentwicklungsgespr\u00e4chen an den Grundschulen m\u00fcndliche Empfehlungen f\u00fcr die weitere Schullaufbahn ihres Kindes. Gerne beraten auch wir die Eltern bei der Entscheidung f\u00fcr eine weiterf\u00fchrende Schule. Unser Schulleiter Herr Pauleit oder Frau Appe als Abteilungsleiterin der Unterstufe freuen sich \u00fcber Ihre Anfrage!<\/p>\n<p><strong>Kennenlernnachmittag<\/strong><br \/>\nNoch vor den Sommerferien treffen sich die neuen F\u00fcnftkl\u00e4ssler mit ihren Klassenlehrern und ihren Paten an einem Nachmittag. Die Sch\u00fcler sehen den zuk\u00fcnftigen Klassenraum, lernen ihre Mitsch\u00fcler kennen und gehen erfahrungsgem\u00e4\u00df beruhigter in die Sommerferien, wenn sie ihre neue Klasse und die neue Schule schon erlebt haben.<\/p>\n<p><strong>Klassenlehrerteams und Paten<\/strong><br \/>\nJede Klasse hat in den Jahrg\u00e4ngen 5 bis 7 ein Klassenlehrerteam, das die Sch\u00fcler begleitet und unterst\u00fctzt. Neben ihren F\u00e4chern unterrichten die Klassenlehrer auch die Klassenlehrerstunde und den Klassenrat und verbringen beide Projektwochen in Jahrgang 5 mit den Sch\u00fclern. Unter dem Motto \u201eWir werden eine Klasse\u201c bieten wir in der ersten Projektwoche verschiedene Aktivit\u00e4ten an, die die Klassenlehrer i.d.R. gemeinsam mit den Sch\u00fclern absprechen und organisieren. Am Kennenlernnachmittag, bei der Einschulung, auf der Klassenfahrt und bei vielen weiteren Aktivit\u00e4ten unterst\u00fctzen zwei Paten (aus Jg. 9) die Klasse. Sie sind auch in den Pausen Ansprechpartner f\u00fcr alle Themen und Fragen.<\/p>\n<p><strong>Kennenlern- und Lernentwicklungsgespr\u00e4ch<\/strong><br \/>\nNach den ersten Wochen bitten wir die Eltern unserer neuen F\u00fcnftkl\u00e4ssler zu einem Kennenlerngespr\u00e4ch in die Schule. Die Klassenlehrer und die Eltern tauschen sich dar\u00fcber aus, wie das Kind am CvO angekommen ist und welche Anfangsschwierigkeiten es m\u00f6glicherweise noch gibt. In jedem Schuljahr findet im Februar ein Lernentwicklungsgespr\u00e4ch mit Sch\u00fcler, Eltern und Klassenlehrer statt. Der gemeinsame Austausch m\u00fcndet in einer individuellen Lernvereinbarung.<\/p>\n<p><strong>Klassenrat (KR)<\/strong><br \/>\nIn jeder Woche findet in einer Stunde der Klassenrat statt. Im KR werden Meinungsverschiedenheiten gekl\u00e4rt, Veranstaltungen und Ausfl\u00fcge organisiert und besonders in Klasse 5 noch viele Themen des Schulalltags besprochen. Nach kurzer Anleitung moderieren die Sch\u00fcler ihren KR selbst, sammeln vorher Themen, schreiben Protokoll und finden L\u00f6sungen bei kleineren Konflikten.<\/p>\n<p><strong>Klassenlehrerstunde (KLS)<\/strong><br \/>\nIn der Klassenlehrerstunde werden Inhalte zu \u201eFit und Stark\u201c sowie aus dem Methodencurriculum gemeinsam mit den Klassenlehrern besprochen. Dazu geh\u00f6ren u.a. der Umgang miteinander, die Einf\u00fchrung in Moodle\/LMS und \u201eKooperative Lernmethoden\u201c sowie die Vorstellung unseres Namensgebers Carl von Ossietzky.<\/p>\n<p><strong>Konfliktmanager, Mediatoren, Beratungslehrer<\/strong><br \/>\nK\u00f6nnen Konflikte oder Probleme nicht im KR gekl\u00e4rt werden bzw. sind die Themen daf\u00fcr nicht geeignet, bieten wir verschiedene M\u00f6glichkeiten zur Unterst\u00fctzung. Bei Streitigkeiten unter Sch\u00fclern helfen h\u00e4ufig die Konfliktmanager. Dies sind Mittel- oder Oberstufensch\u00fcler, die von den Mediatoren des CvO ausgebildet und betreut werden. Sie verabreden sich mit den betroffenen Sch\u00fclern, h\u00f6ren beide Parteien an und suchen gemeinsam nach L\u00f6sungen f\u00fcr einen konfliktfreien Umgang miteinander. In anderen F\u00e4llen werden Sch\u00fcler von unseren ausgebildeten Mediatoren (Lehrer) oder auch durch den Beratungslehrer unterst\u00fctzt. Jedes Unterst\u00fctzungsangebot wird mit dem betreffenden Sch\u00fcler und ggf. seinen Eltern abgesprochen, gemeinsam wird nach dem passenden Angebot gesucht.<\/p>\n","protected":false},"excerpt":{"rendered":"<p>Der \u00dcbergang von der Grundschule zum Gymnasium ist ein gro\u00dfer Schritt f\u00fcr die Sch\u00fcler. Waren sie noch bis vor kurzem die Gr\u00f6\u00dften an ihrer Grundschule und kannten alles und jeden, fangen sie jetzt ganz&#46;&#46;&#46;<\/p>\n","protected":false},"author":44,"featured_media":0,"parent":0,"menu_order":0,"comment_status":"closed","ping_status":"closed","template":"","meta":{"_acf_changed":false,"footnotes":""},"class_list":["post-115","page","type-page","status-publish","hentry"],"acf":[],"_links":{"self":[{"href":"https:\/\/cvo.hamburg.de\/index.php?rest_route=\/wp\/v2\/pages\/115","targetHints":{"allow":["GET"]}}],"collection":[{"href":"https:\/\/cvo.hamburg.de\/index.php?rest_route=\/wp\/v2\/pages"}],"about":[{"href":"https:\/\/cvo.hamburg.de\/index.php?rest_route=\/wp\/v2\/types\/page"}],"author":[{"embeddable":true,"href":"https:\/\/cvo.hamburg.de\/index.php?rest_route=\/wp\/v2\/users\/44"}],"replies":[{"embeddable":true,"href":"https:\/\/cvo.hamburg.de\/index.php?rest_route=%2Fwp%2Fv2%2Fcomments&post=115"}],"version-history":[{"count":3,"href":"https:\/\/cvo.hamburg.de\/index.php?rest_route=\/wp\/v2\/pages\/115\/revisions"}],"predecessor-version":[{"id":10200,"href":"https:\/\/cvo.hamburg.de\/index.php?rest_route=\/wp\/v2\/pages\/115\/revisions\/10200"}],"wp:attachment":[{"href":"https:\/\/cvo.hamburg.de\/index.php?rest_route=%2Fwp%2Fv2%2Fmedia&parent=115"}],"curies":[{"name":"wp","href":"https:\/\/api.w.org\/{rel}","templated":true}]}}